{"id":114,"date":"2026-03-15T21:41:31","date_gmt":"2026-03-15T20:41:31","guid":{"rendered":"https:\/\/spwr.chmielnik.pl\/?page_id=114"},"modified":"2026-03-15T21:41:53","modified_gmt":"2026-03-15T20:41:53","slug":"regulamin-biblioteki-przy-szkole-podstawowej-im-stefana-kard-wyszynskiego-w-woli-rafalowskiej","status":"publish","type":"page","link":"https:\/\/spwr.chmielnik.pl\/index.php\/regulamin-biblioteki-przy-szkole-podstawowej-im-stefana-kard-wyszynskiego-w-woli-rafalowskiej\/","title":{"rendered":"Regulamin biblioteki\u00a0przy Szkole Podstawowej im. Stefana Kard. Wyszy\u0144skiego w Woli Rafa\u0142owskiej"},"content":{"rendered":"<ol>\n<li>Ze zbior\u00f3w biblioteki szkolnej mog\u0105 korzysta\u0107 uczniowie, nauczyciele, rodzice oraz inni pracownicy szko\u0142y.<\/li>\n<li>Korzystanie z wypo\u017cyczalni jest bezp\u0142atne.<\/li>\n<li>Czytelnik mo\u017ce wypo\u017cycza\u0107 ksi\u0105\u017cki wy\u0142\u0105cznie na swoje nazwisko. Jednorazowo mo\u017cna wypo\u017cyczy\u0107 pi\u0119\u0107 ksi\u0105\u017cek na okres miesi\u0105ca. W wyj\u0105tkowych sytuacjach mo\u017cna uzyska\u0107 przesuni\u0119cie terminu zwrotu.<\/li>\n<li>Ucze\u0144 przygotowuj\u0105cy si\u0119 do konkurs\u00f3w, olimpiad ma prawo do wypo\u017cyczenia jednorazowo wi\u0119kszej ilo\u015bci ksi\u0105\u017cek.<\/li>\n<li>Godziny pracy biblioteki umo\u017cliwiaj\u0105 czytelnikom dost\u0119p do jej zbior\u00f3w podczas przerw, zaj\u0119\u0107 lekcyjnych, przed lub po ich zako\u0144czeniu (godziny otwarcia ustalane s\u0105\u00a0 corocznie przez dyrektora i nauczyciela bibliotekarza). Biblioteka jest miejscem, gdzie ucze\u0144 ma prawo przebywa\u0107 w godzinach jej pracy, przygotowuj\u0105c si\u0119 do zaj\u0119\u0107 i uzyska\u0107 w tym zakresie fachow\u0105 pomoc od bibliotekarza.<\/li>\n<li>Czytelnik jest zobowi\u0105zany do poszanowania ksi\u0105\u017cek. Zauwa\u017cone uszkodzenia nale\u017cy zg\u0142osi\u0107 bibliotekarzowi. Wypo\u017cyczone ksi\u0105\u017cki nale\u017cy chroni\u0107 przed zniszczeniem i zgubieniem.<\/li>\n<li>Ucze\u0144, kt\u00f3ry zniszczy lub zgubi ksi\u0105\u017ck\u0119 z biblioteki musi odkupi\u0107 tak\u0105 sam\u0105 lub inn\u0105 wskazan\u0105 przez nauczyciela bibliotekarza o warto\u015bci odpowiadaj\u0105cej cenie rynkowej ksi\u0105\u017cki zagubionej.<\/li>\n<li>Ucze\u0144 mo\u017ce zwr\u00f3ci\u0107 si\u0119 do bibliotekarza o informacj\u0119 dotycz\u0105c\u0105 ksi\u0105\u017cek lub danego tematu.<\/li>\n<li>Czytelnik\u00f3w korzystaj\u0105cych ze zbior\u00f3w na miejscu obowi\u0105zuje zachowanie ciszy oraz zakaz spo\u017cywania posi\u0142k\u00f3w.<\/li>\n<li>Czytelnik ma mo\u017cliwo\u015b\u0107 wypo\u017cyczenia ksi\u0105\u017cek r\u00f3wnie\u017c na okres ferii zimowych i letnich. (Nie uwzgl\u0119dnia si\u0119 uczni\u00f3w ko\u0144cz\u0105cych szko\u0142\u0119 i odchodz\u0105cym ze szko\u0142y.)<\/li>\n<li>Biblioteka szkolna wsp\u00f3\u0142pracuje z Bibliotek\u0105 Publiczn\u0105 w Woli Rafa\u0142owskiej.<\/li>\n<li>Ka\u017cdy czytelnik zobowi\u0105zany jest zapozna\u0107 si\u0119 z regulaminem wypo\u017cyczalni i stosowa\u0107 si\u0119 do jego zalece\u0144.<\/li>\n<\/ol>\n","protected":false},"excerpt":{"rendered":"<p>Ze zbior\u00f3w biblioteki szkolnej mog\u0105 korzysta\u0107 uczniowie, nauczyciele, rodzice oraz inni pracownicy szko\u0142y. Korzystanie z wypo\u017cyczalni jest bezp\u0142atne. Czytelnik mo\u017ce wypo\u017cycza\u0107 ksi\u0105\u017cki wy\u0142\u0105cznie na swoje nazwisko. Jednorazowo mo\u017cna wypo\u017cyczy\u0107 pi\u0119\u0107 ksi\u0105\u017cek na<a class=\"moretag\" href=\"https:\/\/spwr.chmielnik.pl\/index.php\/regulamin-biblioteki-przy-szkole-podstawowej-im-stefana-kard-wyszynskiego-w-woli-rafalowskiej\/\">Read More&#8230;<\/a><\/p>\n","protected":false},"author":1,"featured_media":0,"parent":0,"menu_order":0,"comment_status":"closed","ping_status":"closed","template":"","meta":{"footnotes":""},"class_list":["post-114","page","type-page","status-publish","hentry"],"_links":{"self":[{"href":"https:\/\/spwr.chmielnik.pl\/index.php\/wp-json\/wp\/v2\/pages\/114","targetHints":{"allow":["GET"]}}],"collection":[{"href":"https:\/\/spwr.chmielnik.pl\/index.php\/wp-json\/wp\/v2\/pages"}],"about":[{"href":"https:\/\/spwr.chmielnik.pl\/index.php\/wp-json\/wp\/v2\/types\/page"}],"author":[{"embeddable":true,"href":"https:\/\/spwr.chmielnik.pl\/index.php\/wp-json\/wp\/v2\/users\/1"}],"replies":[{"embeddable":true,"href":"https:\/\/spwr.chmielnik.pl\/index.php\/wp-json\/wp\/v2\/comments?post=114"}],"version-history":[{"count":2,"href":"https:\/\/spwr.chmielnik.pl\/index.php\/wp-json\/wp\/v2\/pages\/114\/revisions"}],"predecessor-version":[{"id":116,"href":"https:\/\/spwr.chmielnik.pl\/index.php\/wp-json\/wp\/v2\/pages\/114\/revisions\/116"}],"wp:attachment":[{"href":"https:\/\/spwr.chmielnik.pl\/index.php\/wp-json\/wp\/v2\/media?parent=114"}],"curies":[{"name":"wp","href":"https:\/\/api.w.org\/{rel}","templated":true}]}}