{"id":122,"date":"2026-03-15T21:49:17","date_gmt":"2026-03-15T20:49:17","guid":{"rendered":"https:\/\/spwr.chmielnik.pl\/?page_id=122"},"modified":"2026-03-15T21:49:17","modified_gmt":"2026-03-15T20:49:17","slug":"dyrektorzy-szkoly-od-1912-r","status":"publish","type":"page","link":"https:\/\/spwr.chmielnik.pl\/index.php\/dyrektorzy-szkoly-od-1912-r\/","title":{"rendered":"Dyrektorzy szko\u0142y od 1912 r."},"content":{"rendered":"<ol>\n<li>Chody\u0144ski Maksymilian<\/li>\n<li>Pa\u015bko Pawe\u0142<\/li>\n<li>Tryczy\u0144ska Helena<\/li>\n<li>Hebda Klemens<\/li>\n<li>Ilnicki W\u0142odzimierz<\/li>\n<li>Boruta Edmund<\/li>\n<li>Pr\u0119dki Edmund<\/li>\n<li>Sroka Edward<\/li>\n<li>Sowa Tadeusz<\/li>\n<li>Czarnota Czes\u0142awa<\/li>\n<li>Ko\u015bci\u00f3\u0142ek Aleksander<\/li>\n<li>Podg\u00f3rski W\u0142adys\u0142aw<\/li>\n<li>D\u0105browski J\u00f3zef<\/li>\n<li>Jesio\u0142kiewicz Ryszard<\/li>\n<li>Jacek-Zawi\u0142o Wies\u0142awa<\/li>\n<li>Baran Pawe\u0142<\/li>\n<li>Dr\u0105\u017cek Halina<\/li>\n<\/ol>\n","protected":false},"excerpt":{"rendered":"<p>Chody\u0144ski Maksymilian Pa\u015bko Pawe\u0142 Tryczy\u0144ska Helena Hebda Klemens Ilnicki W\u0142odzimierz Boruta Edmund Pr\u0119dki Edmund Sroka Edward Sowa Tadeusz Czarnota Czes\u0142awa Ko\u015bci\u00f3\u0142ek Aleksander Podg\u00f3rski W\u0142adys\u0142aw D\u0105browski J\u00f3zef Jesio\u0142kiewicz Ryszard Jacek-Zawi\u0142o Wies\u0142awa Baran Pawe\u0142<a class=\"moretag\" href=\"https:\/\/spwr.chmielnik.pl\/index.php\/dyrektorzy-szkoly-od-1912-r\/\">Read More&#8230;<\/a><\/p>\n","protected":false},"author":1,"featured_media":0,"parent":0,"menu_order":0,"comment_status":"closed","ping_status":"closed","template":"","meta":{"footnotes":""},"class_list":["post-122","page","type-page","status-publish","hentry"],"_links":{"self":[{"href":"https:\/\/spwr.chmielnik.pl\/index.php\/wp-json\/wp\/v2\/pages\/122","targetHints":{"allow":["GET"]}}],"collection":[{"href":"https:\/\/spwr.chmielnik.pl\/index.php\/wp-json\/wp\/v2\/pages"}],"about":[{"href":"https:\/\/spwr.chmielnik.pl\/index.php\/wp-json\/wp\/v2\/types\/page"}],"author":[{"embeddable":true,"href":"https:\/\/spwr.chmielnik.pl\/index.php\/wp-json\/wp\/v2\/users\/1"}],"replies":[{"embeddable":true,"href":"https:\/\/spwr.chmielnik.pl\/index.php\/wp-json\/wp\/v2\/comments?post=122"}],"version-history":[{"count":1,"href":"https:\/\/spwr.chmielnik.pl\/index.php\/wp-json\/wp\/v2\/pages\/122\/revisions"}],"predecessor-version":[{"id":123,"href":"https:\/\/spwr.chmielnik.pl\/index.php\/wp-json\/wp\/v2\/pages\/122\/revisions\/123"}],"wp:attachment":[{"href":"https:\/\/spwr.chmielnik.pl\/index.php\/wp-json\/wp\/v2\/media?parent=122"}],"curies":[{"name":"wp","href":"https:\/\/api.w.org\/{rel}","templated":true}]}}