{"id":124,"date":"2026-03-15T21:49:59","date_gmt":"2026-03-15T20:49:59","guid":{"rendered":"https:\/\/spwr.chmielnik.pl\/?page_id=124"},"modified":"2026-03-15T21:55:25","modified_gmt":"2026-03-15T20:55:25","slug":"historia-szkoly","status":"publish","type":"page","link":"https:\/\/spwr.chmielnik.pl\/index.php\/historia-szkoly\/","title":{"rendered":"Z dziej\u00f3w szko\u0142y"},"content":{"rendered":"<p><strong>Z dziej\u00f3w szko\u0142y wed\u0142ug Kroniki Szkolnej od 1906<\/strong><\/p>\n<p>\u201cW tutejszej gminie otworzono szko\u0142\u0119 w budynku gminnym w roku 1906\u201d, to pierwsze zdanie kroniki opisuj\u0105cej \u017cycie szko\u0142y od jej powstania do chwili obecnej.<br \/>\nPierwszym nauczycielem by\u0142 W\u0142adys\u0142aw Zapsza\u0142, zosta\u0142o zapisanych 150 dzieci. W pierwszych latach funkcjonowania szko\u0142y nauczyciele zmieniali si\u0119 bardzo cz\u0119sto. Liczba nauczycieli to: jeden, dw\u00f3ch, w znacznie p\u00f3\u017aniejszym okresie \u2013 trzech.<\/p>\n<p>W roku szkolnym 1907\/8 zapisanych by\u0142o 168 dzieci a w 1908\/9 \u2013 189.<\/p>\n<p>\u201cW roku 1908\/9 nie ucz\u0119szcza\u0142y dzieci regularnie do szko\u0142y, poniewa\u017c w ca\u0142ej wsi chorowa\u0142y na osp\u0119 i szkarlatyn\u0119\u201d.<\/p>\n<p>\u201cW roku 1911 oddany zosta\u0142 do u\u017cytku tutejszej szko\u0142y nowy budynek murowany o 2 salach naukowych, wzniesiony kosztem 18950K\u201d.<\/p>\n<p>W 1913 roku ze wzgl\u0119du na epidemi\u0119 odry, szko\u0142a zosta\u0142a zamkni\u0119ta na 2 tygodnie. W marcu tego roku szko\u0142a uroczy\u015bcie obchodzi\u0142a 50 jubileusz powstania styczniowego z 1863 roku.<br \/>\nRok szkolny 1919\/20: \u201cW miesi\u0105cu sierpniu tego roku rozpocz\u0119\u0142a si\u0119 wojna i szko\u0142a tutejsza zosta\u0142a zamkni\u0119ta\u201d.<\/p>\n<p>Skutki wojny odbi\u0142y si\u0119 ujemnie na budynku szkolnym jak i na frekwencji uczni\u00f3w. \u201cDopiero kierownik szko\u0142y w\u0142asnymi pieni\u0119dzmi uporz\u0105dkowa\u0142 klasy do nauki i zabezpieczy\u0142 szko\u0142\u0119 w opa\u0142 na rok szkolny 1919\/20. Zach\u0119t\u0105 i przymusem szkolnym (kt\u00f3ry najlepszym by\u0142 \u015brodkiem argumentacyjnym) wp\u0142yn\u0105\u0142 na uregulowanie frekwencji, a liczba dzieci doci\u0105g\u0142a do 200 ucz\u0119szczaj\u0105cych. W tym roku stopni nauki by\u0142o tylko 3 tj. I, II, III stopie\u0144, a IV stopnia dla braku odpowiedniej liczby dzieci nie utworzono. Nauka odbywa\u0142a si\u0119 przez ca\u0142y rok z wyj\u0105tkiem 2 tygodni w czerwcu, gdzie szko\u0142a by\u0142a nieczynna z powodu panuj\u0105cej odry. Nauki religii w ca\u0142ym roku nie udzielano, poniewa\u017c tutejszy proboszcz ks. Micha\u0142 Patla, zniech\u0119cony tutejszymi stosunkami miejscowymi i brakiem pow\u00f3d, na religi\u0119 nie przyje\u017cd\u017ca\u0142\u201d.<\/p>\n<p>Kierownik szko\u0142y w porze zimowej chcia\u0142 zorganizowa\u0107 kurs dla analfabet\u00f3w, ale ch\u0119tnych nie by\u0142o.<\/p>\n<p>W maju 1920 roku wsp\u00f3lnie z Zabrat\u00f3wk\u0105 i B\u0142\u0119dow\u0105 Tyczy\u0144sk\u0105 obchodzono rocznic\u0119 Konstytucji 3 Maja. Po nabo\u017ce\u0144stwie w ko\u015bciele, kierownik szko\u0142y m\u00f3wi\u0142 o znaczeniu Konstytucji, a wieczorem m\u0142odzie\u017c w sali szkolnej przygotowa\u0142a wyst\u0119p. Rocznica Konstytucji 3 Maja by\u0142a p\u00f3\u017aniej uroczy\u015bcie obchodzona co roku.<\/p>\n<p>W roku szkolnym 1920\/21 ze wzgl\u0119du na du\u017c\u0105 liczb\u0119 dzieci zatrudniono czwart\u0105 si\u0142\u0119 nauczycielsk\u0105. Poniewa\u017c opa\u0142 na zim\u0119 nie zosta\u0142 zabezpieczony, nauki w porze zimowej nie by\u0142o.<\/p>\n<p>W 1921 roku kierownik Pa\u015bko za\u0142o\u017cy\u0142 Ko\u0142o M\u0142odzie\u017cy oparte na statucie przy M.P.R. w Krakowie i zosta\u0142 jego przewodnicz\u0105cym. W lutym 1921 roku tutejsz\u0105 parafi\u0119 opu\u015bci\u0142 ks. Micha\u0142 Patla, a jego miejsce zaj\u0105\u0142 ks. J\u00f3zef Szurek.<\/p>\n<p>Lata 1922 \u2013 1924 w szkolnictwie s\u0105 latami szerokiej dzia\u0142alno\u015bci nauczycieli, dzieci, m\u0142odzie\u017cy i rodzic\u00f3w. Obchodzono taki uroczysto\u015bci jak: \u015bwi\u0119to Sadzenia Drzew, uczczono pami\u0119\u0107 \u015bmierci Gabriela Narutowicza, 450 rocznic\u0119 \u015bmierci Kopernika, rocznic\u0119 ustanowienia Konstytucji 3 Maja, 50 rocznic\u0119 powo\u0142ania do \u017cycia KEN a tak\u017ce rocznic\u0119 \u015bmierci ks. Stanis\u0142awa Konarskiego. Na uroczysto\u015bci dzieci przygotowywa\u0142y piosenki a m\u0142odzie\u017c wieczorem przedstawienia. Cz\u0119\u015b\u0107 uroczysto\u015bci rozpoczyna\u0142o si\u0119 nabo\u017ce\u0144stwem w ko\u015bciele.<br \/>\nZ funduszy Ko\u0142a M\u0142odzie\u017cy uzyskanych z przedstawie\u0144 zakupionych zosta\u0142o 50 ksi\u0105\u017cek do szkolnej biblioteki. Dzieci czyta\u0142y dwutygodniki \u201cPomyk\u201d i \u201cP\u0142omyczek\u201d.<\/p>\n<p>W 1930 roku zosta\u0142a za\u0142o\u017cona w szkole Szkolna Kasa Oszcz\u0119dno\u015bci po\u0142\u0105czon\u0105 z miejscow\u0105 Kas\u0105 Stefczyka ( w ci\u0105gu 2-ch miesi\u0119cy zebrano 30 z\u0142, p\u00f3\u017aniej dzieci przesta\u0142y sk\u0142ada\u0107 z powodu ci\u0119\u017ckich warunk\u00f3w materialnych).<\/p>\n<p>We wsi istnieje i pracuje Zwi\u0105zek Strzelecki za\u0142o\u017cony przez nauczyciela tutejszej szko\u0142y Jana Koraczy\u0144skiego; organizowane s\u0105 kursy rolnictwa.<\/p>\n<p>W latach 1934 \u2013 1938 w obsadzie pedagogicznej szko\u0142y wyst\u0119puj\u0105 ci\u0105g\u0142e zmiany.<br \/>\n\u201cW celu podniesienia wp\u0142ywu wychowawczego szko\u0142y zawi\u0105zano Ko\u0142o Rodzicielskie i wsp\u00f3lnymi si\u0142ami przyst\u0105piono do t\u0119pienia wykrocze\u0144 m\u0142odzie\u017cy szkolnej w szkole i poza szko\u0142\u0105\u201d.<\/p>\n<p>W roku szkolnym 1936\/37 oddano do u\u017cytku szko\u0142y sal\u0119 w budynku gromadzkim. Liczba dzieci 193. w wyniku stara\u0144 i poparcia m.in. Ludwika Szyde\u0142ko zosta\u0142a zatrudniona 3 si\u0142a pedagogiczna. Z powodu braku funduszy na remont, budynek szko\u0142y uleg\u0142 zniszczeniu. Do biblioteki szkolnej zakupiono 24 nowe ksi\u0105\u017cki.<\/p>\n<p>\u201cPraca szkolna \u2013 zw\u0142aszcza wychowanie znalaz\u0142o wsp\u00f3\u0142dzia\u0142anie prawie ca\u0142ego spo\u0142ecze\u0144stwa, co wp\u0142yn\u0119\u0142o dodatnio na wyniki wychowawcze\u201d.<br \/>\n\u201cSzko\u0142a sw\u0105 prac\u0105 zdobywa coraz wi\u0119cej uznania wsi. Uczniowie tutejszej szko\u0142y daj\u0105 sobie rad\u0119 w gimnazjum, tak, \u017ce nale\u017c\u0105 do pierwszych uczni\u00f3w. Pod koniec roku 1937\/38 odby\u0142a si\u0119 og\u00f3lna wycieczka do Rzeszowa\u201d.<\/p>\n<p>Lata 1939 \u2013 1944 to lata okupacji. Nauka praktycznie nie odbywa\u0142a si\u0119. \u201cDziwn\u0105 oboj\u0119tno\u015b\u0107 maj\u0105 tutejsi mieszka\u0144cy dla sprawy przysy\u0142ania dzieci do szko\u0142y \u2013 Z nauki je\u015b\u0107 chleba nie b\u0119dziesz \u2013 to wszechstronna zasada. Ale i w mrokach s\u0105 jasne miejsca. Cz\u0119\u015b\u0107 dziatwy starczej ucz\u0119szcza\u0142a w czasie okupacji na nauk\u0119 tajn\u0105, a grono nauczycielskie udziela\u0142o jej nauki z historii, geografii i polskiego\u201d.<\/p>\n<p>Lata 1944 \u2013 1948: \u201c\u017cycie w naszej szkole zacz\u0119\u0142o bi\u0107 nowym t\u0119tnem. Nauka w szkole stoi obecnie na innym poziomie ni\u017c za okupanta\u2026 Szko\u0142a liczy 4 si\u0142y nauczycielskie\u201d.<br \/>\nBudynek szkolny zniszczony, potrzebuj\u0105cy gruntownego remontu.<br \/>\nW okresie powojennym, podobnie jak przed wojn\u0105, rozpocz\u0119cie i zako\u0144czenie roku szkolnego poprzedzane by\u0142y nabo\u017ce\u0144stwem w ko\u015bciele.<\/p>\n<p>Lata 1948 \u2013 1950: Grono nauczycielskie dok\u0142ada wszelkich stara\u0144 aby osi\u0105gn\u0105\u0107 jak najlepsze wyniki, czego wymownym przyk\u0142adem by\u0142o to, i\u017c 12 spo\u015br\u00f3d 19 uczni\u00f3w klasy VII posz\u0142o do szk\u00f3\u0142 og\u00f3lnokszta\u0142c\u0105cych i zawodowych. Nauczyciele prowadzili kursy wieczorowe dla VII klasy i dla analfabet\u00f3w. Cz\u0119\u015b\u0107 ludno\u015bci wsi poko\u0144czy\u0142a te formy dokszta\u0142cania, ale du\u017ca liczba zrezygnowa\u0142a.<br \/>\nSzko\u0142a wymaga remontu i rozbudowy. Brak sal do nauki. Dwie sale wynaj\u0119te w Domu Ludowym nie nadaj\u0105 si\u0119 do u\u017cytku szkolnego.<\/p>\n<p>Lata 1950 \u2013 1961: \u201cWarunki pracy szkolnej ulegaj\u0105 z roku na rok ci\u0105g\u0142ej poprawie. Szko\u0142a otrzymuje coraz wi\u0119cej pomocy naukowych.<\/p>\n<p>W styczniu Wydzia\u0142 O\u015bwiaty przydzieli\u0142 szkole radioodbiornik \u201cPionier\u201d, dzi\u0119ki czemu m\u0142odzie\u017c mog\u0142a korzysta\u0107 z wielu audycji\u201d.<br \/>\n\u201cBol\u0105czk\u0105 szko\u0142y by\u0142a trudno\u015b\u0107 w uporaniu si\u0119 ze sta\u0142\u0105 frekwencj\u0105 uczni\u00f3w\u201d.<\/p>\n<p>W roku szkolnym 1952\/53 nast\u0105pi\u0142a stabilizacja kadry, co wp\u0142yn\u0119\u0142o na podniesienie jako\u015bci pracy pedagogicznej i wychowawczej. Niezmiennie (a\u017c do emerytury) na swoich stanowiskach pozostali p. Edward Sroka, Stanis\u0142awa Nowak (p\u00f3\u017aniej Sroka) i Czes\u0142awa Szmyd (Czarnota). Religii uczy\u0142 ks. Zbigniew Palasek.<\/p>\n<p>W roku szkolnym 1957\/58 wyko\u0144czono dwie sale w Domu Stra\u017caka i udost\u0119pniono dla potrzeb szko\u0142y, przez co polepszone zosta\u0142y warunki nauczania.<br \/>\n\u201cW jesieni 1957 roku powsta\u0142 Komitet Budowy Szko\u0142y z\u0142o\u017cony z 7 os\u00f3b (Murias J\u00f3zef, Sroka Edward, Witowski Stanis\u0142aw, Rejwer Jan, Szyde\u0142ko Ludwik, Szyde\u0142ko Wojciech, Franciszek J\u00f3zef). W sk\u0142ad zarz\u0105du weszli: Murias J\u00f3zef \u2013 przewodnicz\u0105cy, Sroka Edward \u2013 sekretarz, Witowski Stanis\u0142aw \u2013 skarbnik i Rejwer Jan. Komitet z miejsca rozpocz\u0105\u0142 o\u017cywion\u0105 dzia\u0142alno\u015b\u0107\u201d.<br \/>\nZe wzgl\u0119du na r\u00f3\u017cne niepowodzenia i trudno\u015bci, wybudowanie, uko\u0144czenie i oddanie do u\u017cytku nowego budynku szko\u0142y nast\u0105pi\u0142o w grudniu 1966 roku.<br \/>\n\u201cDzie\u0144 3 XII 1966 by\u0142 bardzo oczekiwany. Nast\u0105pi\u0142o przekazanie szko\u0142y w obecno\u015bci przedstawicieli Wydzia\u0142u O\u015bwiaty i Kultury w Rzeszowie. Kierownik szko\u0142y otrzyma\u0142 klucz do nowej szko\u0142y z r\u0105k Inspektora Szkolnego. M\u0142odzie\u017c przygotowa\u0142a program artystyczny pod kierunkiem p. W\u0142adys\u0142awy Ostrowskiej. W p\u00f3\u017aniejszych godzinach odby\u0142o si\u0119 spotkanie z go\u015b\u0107mi i budowniczymi szko\u0142y\u201d. Pan Edward Sroka z okazji otwarcia nowej szko\u0142y u\u0142o\u017cy\u0142 s\u0142owa piosenki na temat historii jej budowy, kt\u00f3ra zostaje przytoczona poni\u017cej w oryginale. Lekcje w nowej szkole rozpocz\u0119\u0142y si\u0119 15 grudnia 1966r.<\/p>\n<p><strong>TEKST PIOSENKI:<br \/>\n<\/strong>Serdecznie witamy wszystkich tu zebranych<br \/>\nGdy\u017c dzi\u015b u nas w Woli dzie\u0144 otwarcia szko\u0142y.<br \/>\nCieszymy si\u0119 bardzo z pi\u0119knej inwestycji<br \/>\nBo pa\u0144stwo tak czyni, jak jest w konstytucji.<br \/>\nO\u015bwiata dla wszystkich, jak na wsi tak w mie\u015bcie<br \/>\nTo nie puste has\u0142o mocne pa\u0144stwo wie\u015bcie.<br \/>\nBo w\u0142adza ludowa jednako traktuje<br \/>\nTroszczy si\u0119 o wszystkich, a nie obiecuje.<br \/>\nNa budow\u0119 szko\u0142y przed wojn\u0105 sk\u0142adali<br \/>\nW czasie okupacji Niemcy rozebrali.<br \/>\nWzi\u0119li kamie\u0144 szkolny na drog\u0119 budowa\u0107<br \/>\n\u017beby po niej Hitler m\u00f3g\u0142 tam maszerowa\u0107.<br \/>\nGdzie nasz s\u0105siad wschodni chcia\u0142 sw\u00f3j kraj budowa\u0107<br \/>\nLecz z narodem pan\u00f3w musia\u0142 wnet wojowa\u0107.<\/p>\n<p>Przysz\u0142o wyzwolenie a z nim nowe \u017cycie<br \/>\nNie by\u0142o nam \u0142awo o tym dobrze wiecie.<br \/>\nNajpierw trzeba by\u0142o kraj z ruin budowa\u0107<br \/>\nI obywatelom prace gwarantowa\u0107.<br \/>\nAby ludzie pracy mogli zarbokowa\u0107<br \/>\nI w najlepszych warunkach przysz\u0142o\u015b\u0107 sw\u0105 budowa\u0107.<br \/>\nTo fakt oczywisty t\u0142umaczy\u0107 nie trzeba<br \/>\n\u017be nam praca i chleb nie spadaj\u0105 z nieba.<br \/>\nI to ka\u017cdy dobrze rozumiej, pojmuje<br \/>\nKto ma umys\u0142 \u015bwiat\u0142y ten lepiej pracuje.<br \/>\nJu\u017c dzi\u015b nie wystarcz\u0105 jak kiedy\u015b 2 klasy<br \/>\nBo Polska mie\u0107 pragnie o\u015bwiecone masy.<br \/>\nDawniej dosy\u0107 by\u0142o 1 lub 2 sale<br \/>\nDzisiaj to za ma\u0142o nie wystarcza wcale.<br \/>\nDlatego po wojnie o szkole my\u015bleli<br \/>\nI u Witowskiego ceg\u0142\u0119 wypalali.<br \/>\nBy\u0142o du\u017co ch\u0119ci lecz praktyki ma\u0142o<br \/>\nI to si\u0119 im wtedy nie bardzo uda\u0142o.<br \/>\nTo prawda \u017cyciowa powiemy z kolei<br \/>\n\u017be ci co s\u0105 \u017cywi nie trac\u0105 nadziei.<br \/>\nTowarzysz Gom\u00f3\u0142ka powiedzia\u0142 to przecie\u017c<br \/>\n\u017be 1000 szk\u00f3\u0142 stanie na to 1000 lecie.<br \/>\nNa wiejskim zebraniu projekt by\u0142 gotowy<br \/>\nWybrano komitet 7-osobowy.<br \/>\nArchitekt Kurowski chcia\u0142 o tym przekona\u0107<br \/>\n\u017be do starej szko\u0142y sale dobudowa\u0107.<br \/>\nEkspertka z Rzeszowa rzek\u0142a ze swej strony<br \/>\n\u017be te stare mury bardzo zagrzybione.<br \/>\nWydali decyzj\u0119 za co im dzi\u0119kowa\u0107<br \/>\n\u017be na Woli szko\u0142\u0119 trzeba wybudowa\u0107.<br \/>\nNa przeszkodzie plan\u00f3w zn\u00f3w rzecz inna sta\u0142a<br \/>\nPod budow\u0119 szko\u0142y parcela za ma\u0142a.<\/p>\n<p>Lecz s\u0105siad Bartoszek sprawie upa\u015b\u0107 nie da\u0142<br \/>\nSwoj\u0105 ojcowizn\u0105 ch\u0119tnie dla wsi sprzeda\u0142.<br \/>\nM\u00f3wi\u0142 nie raz o tym to postawa m\u0105dra<br \/>\nNie chce by\u0107 przeszkod\u0105 dla wsp\u00f3lnego dobra.<br \/>\nDo wypa\u0142u ceg\u0142y w\u0142adze zach\u0119ca\u0142y<br \/>\nI z czarnej niedzieli du\u017co w\u0119gla da\u0142y.<br \/>\nPan przewodnicz\u0105cy trudu nie \u017ca\u0142owa\u0142<br \/>\nO budowie szko\u0142y wszystkich przekona\u0142.<br \/>\nNa ka\u017cdym zebraniu powiedzia\u0142 dwa s\u0142owa<br \/>\nBo tu u nas w Woli t\u0119ga ch\u0142opska g\u0142owa.<br \/>\nDzi\u015b zadowolony, ma co sobie \u017cyczy\u0142<br \/>\nI z nowych komin\u00f3w dym wreszcie zobaczy\u0142.<br \/>\nNa parceli szkolnej ceg\u0142\u0119 wypalali<br \/>\nI ju\u017c po 2 latach 100 tysi\u0119cy mieli.<br \/>\nInni z komitetu te\u017c nie pr\u00f3\u017cnowali<br \/>\nI jak tylko mogli tak si\u0119 uwijali.<br \/>\nJeszcze 5 lat temu z budow\u0105 my\u015bleli<br \/>\nI a\u017c do Warszawy po plany je\u017adzili.<br \/>\nPod adresem w\u0142adzom powiemy w obronie<br \/>\n\u017be to co ma wisie\u0107 nigdy nie utonie.<br \/>\nLepiej robi\u0107 p\u00f3\u017ano ani\u017celi wcale<br \/>\nI stan\u0119\u0142a szko\u0142a ku o\u015bwiaty chwale.<br \/>\nKierownik budowy zas\u0142u\u017cy\u0142 na 5<br \/>\nBo to dzielny ch\u0142opak a\u017c z Lisiego K\u0105ta.<br \/>\nInspektor nalepa tak si\u0119 denerwowa\u0142<br \/>\nI ca\u0142ej za\u0142odze cz\u0119sto akant dawa\u0142.<br \/>\nM\u00f3wi\u0142 to za ma\u0142o i za wolno robi\u0105<br \/>\nI za tak\u0105 prac\u0119 za ma\u0142o zarobi\u0105.<\/p>\n<p>A\u017c przyjecha\u0142 taki co si\u0119 zwa\u0142 Skowronek<br \/>\nI wnet w szkole d\u017awi\u0119czy elektryczny dzwonek.<br \/>\nA pan Balawender inspektor nadzoru<br \/>\nCo by\u0142 wyznaczony przed dyrekcj\u0119 DBOB.<br \/>\nPrzyje\u017cd\u017ca\u0142 tu cz\u0119sto na ten plac budowy<br \/>\n\u017beby obiekt szkolny ju\u017c wkr\u00f3tce gotowy.<br \/>\nCi budowniczowie dobrze pracowali<br \/>\nAle jeszcze lepiej piwko popijali.<br \/>\nChyba to nie trudna rzecz do zrozumienia<br \/>\nTaki kto\u015b do pracy taki do jedzenia.<br \/>\nTrwa\u0142a ta budowa przez ten roczek ca\u0142y<br \/>\nWk\u0142adali w ni\u0105 ch\u0119tnie wysi\u0142ek nie ma\u0142y.<br \/>\nPracowali w zimie, pracowali w b\u0142ocie<br \/>\nI codziennie trwali przy swojej robocie.<br \/>\nMy Wola\u0144skie dzieci chcemy podzi\u0119kowa\u0107<br \/>\nI w tej nowej szkole owocniej pracowa\u0107.<br \/>\nBy ojczyzna nasza korzysta\u0107 z tego mia\u0142a<br \/>\nI za kilka latek fachowc\u00f3w zyska\u0142a.<br \/>\nDostajemy dzisiaj szko\u0142\u0119 jak marzenie<br \/>\nI b\u0119dziemy wszystko chroni\u0107 przed zniszczeniem.<br \/>\nBawcie si\u0119 tu wszyscy mi\u0142o i weso\u0142o<br \/>\nBy\u015bcie wspominali to otwarcie szko\u0142y.<\/p>\n<p><em>Zaczerpni\u0119to z ksi\u0105\u017cki \u201cZarys dziej\u00f3w Szko\u0142y Podstawowej w Woli Rafa\u0142owskiej\u201d autorstwa Gra\u017cyny Dzier\u017cak, Haliny Nawojskiej, Danuty Szajna.<\/em><\/p>\n","protected":false},"excerpt":{"rendered":"<p>Z dziej\u00f3w szko\u0142y wed\u0142ug Kroniki Szkolnej od 1906 \u201cW tutejszej gminie otworzono szko\u0142\u0119 w budynku gminnym w roku 1906\u201d, to pierwsze zdanie kroniki opisuj\u0105cej \u017cycie szko\u0142y od jej powstania do chwili obecnej.<a class=\"moretag\" href=\"https:\/\/spwr.chmielnik.pl\/index.php\/historia-szkoly\/\">Read More&#8230;<\/a><\/p>\n","protected":false},"author":1,"featured_media":0,"parent":0,"menu_order":0,"comment_status":"closed","ping_status":"closed","template":"","meta":{"footnotes":""},"class_list":["post-124","page","type-page","status-publish","hentry"],"_links":{"self":[{"href":"https:\/\/spwr.chmielnik.pl\/index.php\/wp-json\/wp\/v2\/pages\/124","targetHints":{"allow":["GET"]}}],"collection":[{"href":"https:\/\/spwr.chmielnik.pl\/index.php\/wp-json\/wp\/v2\/pages"}],"about":[{"href":"https:\/\/spwr.chmielnik.pl\/index.php\/wp-json\/wp\/v2\/types\/page"}],"author":[{"embeddable":true,"href":"https:\/\/spwr.chmielnik.pl\/index.php\/wp-json\/wp\/v2\/users\/1"}],"replies":[{"embeddable":true,"href":"https:\/\/spwr.chmielnik.pl\/index.php\/wp-json\/wp\/v2\/comments?post=124"}],"version-history":[{"count":2,"href":"https:\/\/spwr.chmielnik.pl\/index.php\/wp-json\/wp\/v2\/pages\/124\/revisions"}],"predecessor-version":[{"id":136,"href":"https:\/\/spwr.chmielnik.pl\/index.php\/wp-json\/wp\/v2\/pages\/124\/revisions\/136"}],"wp:attachment":[{"href":"https:\/\/spwr.chmielnik.pl\/index.php\/wp-json\/wp\/v2\/media?parent=124"}],"curies":[{"name":"wp","href":"https:\/\/api.w.org\/{rel}","templated":true}]}}