{"id":126,"date":"2026-03-15T21:50:30","date_gmt":"2026-03-15T20:50:30","guid":{"rendered":"https:\/\/spwr.chmielnik.pl\/?page_id=126"},"modified":"2026-03-15T21:50:30","modified_gmt":"2026-03-15T20:50:30","slug":"ksieza-uczacy-religii-od-1906-r","status":"publish","type":"page","link":"https:\/\/spwr.chmielnik.pl\/index.php\/ksieza-uczacy-religii-od-1906-r\/","title":{"rendered":"Ksi\u0119\u017ca ucz\u0105cy religii od 1906 r."},"content":{"rendered":"<ol>\n<li>ks. Micha\u0142 Patla<\/li>\n<li>ks. J\u00f3zef Szurek<\/li>\n<li>ks. Zbigniew Pallasek<\/li>\n<li>ks. Zygmunt Polity\u0144ski<\/li>\n<li>ks. Piotr Szkolnicki<\/li>\n<li>ks. Julian Urban<\/li>\n<li>ks. Franciszek kwolek<\/li>\n<li>ks. Janusz Kosior<\/li>\n<li>ks. Kazimierz Rzo\u0144ca<\/li>\n<li>ks. Kazimierz Stawarz<\/li>\n<li>ks. Jerzy Rusin<\/li>\n<\/ol>\n","protected":false},"excerpt":{"rendered":"<p>ks. Micha\u0142 Patla ks. J\u00f3zef Szurek ks. Zbigniew Pallasek ks. Zygmunt Polity\u0144ski ks. Piotr Szkolnicki ks. Julian Urban ks. Franciszek kwolek ks. Janusz Kosior ks. Kazimierz Rzo\u0144ca ks. Kazimierz Stawarz ks. Jerzy<a class=\"moretag\" href=\"https:\/\/spwr.chmielnik.pl\/index.php\/ksieza-uczacy-religii-od-1906-r\/\">Read More&#8230;<\/a><\/p>\n","protected":false},"author":1,"featured_media":0,"parent":0,"menu_order":0,"comment_status":"closed","ping_status":"closed","template":"","meta":{"footnotes":""},"class_list":["post-126","page","type-page","status-publish","hentry"],"_links":{"self":[{"href":"https:\/\/spwr.chmielnik.pl\/index.php\/wp-json\/wp\/v2\/pages\/126","targetHints":{"allow":["GET"]}}],"collection":[{"href":"https:\/\/spwr.chmielnik.pl\/index.php\/wp-json\/wp\/v2\/pages"}],"about":[{"href":"https:\/\/spwr.chmielnik.pl\/index.php\/wp-json\/wp\/v2\/types\/page"}],"author":[{"embeddable":true,"href":"https:\/\/spwr.chmielnik.pl\/index.php\/wp-json\/wp\/v2\/users\/1"}],"replies":[{"embeddable":true,"href":"https:\/\/spwr.chmielnik.pl\/index.php\/wp-json\/wp\/v2\/comments?post=126"}],"version-history":[{"count":1,"href":"https:\/\/spwr.chmielnik.pl\/index.php\/wp-json\/wp\/v2\/pages\/126\/revisions"}],"predecessor-version":[{"id":127,"href":"https:\/\/spwr.chmielnik.pl\/index.php\/wp-json\/wp\/v2\/pages\/126\/revisions\/127"}],"wp:attachment":[{"href":"https:\/\/spwr.chmielnik.pl\/index.php\/wp-json\/wp\/v2\/media?parent=126"}],"curies":[{"name":"wp","href":"https:\/\/api.w.org\/{rel}","templated":true}]}}