{"id":128,"date":"2026-03-15T21:51:15","date_gmt":"2026-03-15T20:51:15","guid":{"rendered":"https:\/\/spwr.chmielnik.pl\/?page_id=128"},"modified":"2026-03-15T21:55:06","modified_gmt":"2026-03-15T20:55:06","slug":"nauczyciele-pracujacy-w-szkole-od-1906-r","status":"publish","type":"page","link":"https:\/\/spwr.chmielnik.pl\/index.php\/nauczyciele-pracujacy-w-szkole-od-1906-r\/","title":{"rendered":"Nauczyciele od 1906 r."},"content":{"rendered":"<p><strong>Nauczyciele pracuj\u0105cy w szkole w latach 1947\u00a0\u2013 \u00a02002<\/strong><\/p>\n<ol>\n<li>B\u0105k Dorota<\/li>\n<li>B\u0105k Magdalena<\/li>\n<li>Boruta Edmund<\/li>\n<li>Boruta Eugenia<\/li>\n<li>Brzusek Maria<\/li>\n<li>Bzdek Stefania<\/li>\n<li>Chmura Zofia<\/li>\n<li>Chochrek Anna<\/li>\n<li>Czarnota Czes\u0142awa (Szmyd)<\/li>\n<li>Czarnota Iwona<\/li>\n<li>D\u0105browski J\u00f3zef<\/li>\n<li>Dr\u0105g Czes\u0142aw<\/li>\n<li>Dr\u0105\u017cek Halina<\/li>\n<li>Dudka Stefania<\/li>\n<li>Dworak Agata<\/li>\n<li>Dynia El\u017cbieta<\/li>\n<li>Dzier\u017cak Gra\u017cyna<\/li>\n<li>Fornal Maria<\/li>\n<li>Goryl Danuta<\/li>\n<li>Jacek-Zawi\u0142o Wies\u0142awa<\/li>\n<li>Jarosz Marta<\/li>\n<li>Jaworska Bogus\u0142awa<\/li>\n<li>Jesio\u0142kiewicz Ryszard<\/li>\n<li>K\u0142osowska Barbara<\/li>\n<li>Kondratek Jan<\/li>\n<li>Koszela Mieczys\u0142aw<\/li>\n<li>Ko\u015bci\u00f3\u0142ek Aleksander<\/li>\n<li>Kozio\u0142 Halina<\/li>\n<li>Krasucka Janina<\/li>\n<li>Krzto\u0144 Urszula<\/li>\n<li>Kurasi\u0144ska Irena<\/li>\n<li>Leja Eugeniusz<\/li>\n<li>Ma\u0142kiewicz Renata<\/li>\n<li>Marcinek Anna<\/li>\n<li>Materniak Michalina<\/li>\n<li>Michniowska Urszula<\/li>\n<li>Moszowy Maria<\/li>\n<li>Mruk Zofia<\/li>\n<li>Mucha Barbara<\/li>\n<li>Myszka Alicja<\/li>\n<li>Nawojska-Kasiak Waleria<\/li>\n<li>Nawojska Halina<\/li>\n<li>Nizio\u0142 Albina<\/li>\n<li>Nizio\u0142 Tadeusz<\/li>\n<li>Obru\u015bniak Eliasz<\/li>\n<li>Ostrowska W\u0142adys\u0142awa<\/li>\n<li>Pelc Aleksander<\/li>\n<li>P\u0119dzim\u0105z Wanda<\/li>\n<li>Pieczonka Andrzej<\/li>\n<li>Pluta Zofia (Nowak)<\/li>\n<li>P\u0142onka Genowefa<\/li>\n<li>Pogd\u00f3rska Zofia<\/li>\n<li>Podg\u00f3rski W\u0142adys\u0142aw<\/li>\n<li>Pr\u0119dka Stefania<\/li>\n<li>Pr\u0119dki Edmund<\/li>\n<li>Przywara Janina<\/li>\n<li>Pykosz Renata<\/li>\n<li>Rochecka El\u017cbieta<\/li>\n<li>Rokita Jolanta<\/li>\n<li>Rudnicka Wanda<\/li>\n<li>Semczukowa Maria<\/li>\n<li>Sie\u0144ko Julia<\/li>\n<li>Sowa Tadeusz<\/li>\n<li>Sroka Edward<\/li>\n<li>Sroka Stanis\u0142awa (nowak)<\/li>\n<li>Stafska Maria<\/li>\n<li>Staworowski Boles\u0142aw<\/li>\n<li>Stodolak Joanna<\/li>\n<li>Szajna Danuta<\/li>\n<li>Szamrej Lech<\/li>\n<li>Szcz\u0119ch Antonia<\/li>\n<li>Szcz\u0119ch Halina<\/li>\n<li>Szyde\u0142ko Lucyna<\/li>\n<li>Urbanec Ma\u0142gorzata<\/li>\n<li>Wagner Adam<\/li>\n<li>W\u0105sacz Katarzyna<\/li>\n<li>Wrona Les\u0142awa<\/li>\n<li>Wyczy\u0144ska Anna<\/li>\n<li>Zy\u0144czak Teresa (Kornasiewicz)<\/li>\n<\/ol>\n<p><strong>Nauczyciele pracuj\u0105cy w szkole w latach 1906 \u2013 1940<\/strong><\/p>\n<ol>\n<li>Bazan\u00f3wna Marja<\/li>\n<li>Bie\u0144k\u00f3wna Janina<\/li>\n<li>Bojczeniuk\u00f3wna \u0141ucja<\/li>\n<li>Chody\u0144ska Marya<\/li>\n<li>Chody\u0144ski Maksymilian<\/li>\n<li>Go\u0142og\u00f3rski Bronis\u0142aw<\/li>\n<li>Gottman\u00f3wna Emilja<\/li>\n<li>Grudzi\u0144ska Seweryna<\/li>\n<li>Hebda Klemens<\/li>\n<li>Ilnicki W\u0142odzimierz<\/li>\n<li>Karaczy\u0144ski Jan<\/li>\n<li>Kopacz\u00f3wna Marya<\/li>\n<li>Kowalska Aniela<\/li>\n<li>Krwawicz\u00f3wna Karolina<\/li>\n<li>Lis Jan<\/li>\n<li>Ma\u0142odobra Felicja<\/li>\n<li>Mikosz Kazimierz<\/li>\n<li>Pa\u0144czak Olga<\/li>\n<li>Pasko Anna<\/li>\n<li>Pa\u015bko Pawe\u0142<\/li>\n<li>Paw\u0142owska J\u00f3zefa<\/li>\n<li>Picyszyn\u00f3wna Marya<\/li>\n<li>Piuesk\u00f3wna Helena<\/li>\n<li>Pyzi\u00f3wna Eleonora<\/li>\n<li>Rusin\u00f3wna Marja<\/li>\n<li>Schiffer J\u00f3zef<\/li>\n<li>Tryczy\u0144ska Helena<\/li>\n<li>Tuczk\u00f3wna Regina<\/li>\n<li>Wilk\u00f3wna Henryka<\/li>\n<li>Zaprza\u0142 W\u0142adys\u0142aw<\/li>\n<\/ol>\n","protected":false},"excerpt":{"rendered":"<p>Nauczyciele pracuj\u0105cy w szkole w latach 1947\u00a0\u2013 \u00a02002 B\u0105k Dorota B\u0105k Magdalena Boruta Edmund Boruta Eugenia Brzusek Maria Bzdek Stefania Chmura Zofia Chochrek Anna Czarnota Czes\u0142awa (Szmyd) Czarnota Iwona D\u0105browski J\u00f3zef Dr\u0105g<a class=\"moretag\" href=\"https:\/\/spwr.chmielnik.pl\/index.php\/nauczyciele-pracujacy-w-szkole-od-1906-r\/\">Read More&#8230;<\/a><\/p>\n","protected":false},"author":1,"featured_media":0,"parent":0,"menu_order":0,"comment_status":"closed","ping_status":"closed","template":"","meta":{"footnotes":""},"class_list":["post-128","page","type-page","status-publish","hentry"],"_links":{"self":[{"href":"https:\/\/spwr.chmielnik.pl\/index.php\/wp-json\/wp\/v2\/pages\/128","targetHints":{"allow":["GET"]}}],"collection":[{"href":"https:\/\/spwr.chmielnik.pl\/index.php\/wp-json\/wp\/v2\/pages"}],"about":[{"href":"https:\/\/spwr.chmielnik.pl\/index.php\/wp-json\/wp\/v2\/types\/page"}],"author":[{"embeddable":true,"href":"https:\/\/spwr.chmielnik.pl\/index.php\/wp-json\/wp\/v2\/users\/1"}],"replies":[{"embeddable":true,"href":"https:\/\/spwr.chmielnik.pl\/index.php\/wp-json\/wp\/v2\/comments?post=128"}],"version-history":[{"count":2,"href":"https:\/\/spwr.chmielnik.pl\/index.php\/wp-json\/wp\/v2\/pages\/128\/revisions"}],"predecessor-version":[{"id":135,"href":"https:\/\/spwr.chmielnik.pl\/index.php\/wp-json\/wp\/v2\/pages\/128\/revisions\/135"}],"wp:attachment":[{"href":"https:\/\/spwr.chmielnik.pl\/index.php\/wp-json\/wp\/v2\/media?parent=128"}],"curies":[{"name":"wp","href":"https:\/\/api.w.org\/{rel}","templated":true}]}}