{"id":137,"date":"2026-03-15T21:58:18","date_gmt":"2026-03-15T20:58:18","guid":{"rendered":"https:\/\/spwr.chmielnik.pl\/?page_id=137"},"modified":"2026-03-15T21:59:46","modified_gmt":"2026-03-15T20:59:46","slug":"pedagog-psycholog","status":"publish","type":"page","link":"https:\/\/spwr.chmielnik.pl\/index.php\/pedagog-psycholog\/","title":{"rendered":"Pedagog\/psycholog"},"content":{"rendered":"<p style=\"text-align: center;\"><span style=\"color: #1bb999;\"><strong>Konsultacje pedagoga i psychologa szkolnego\u00a0<\/strong><\/span><\/p>\n<p style=\"text-align: center;\"><strong>Godziny pracy pedagoga szkolnego<\/strong><br \/>\n<strong>mgr Renata Rze\u017anik-Kawka<\/strong><\/p>\n<p style=\"text-align: center;\">poniedzia\u0142ek: 9.50 \u2013 12.50<br \/>\n\u015broda: 7.50 \u2013 9.50<\/p>\n<p style=\"text-align: center;\"><strong>Godziny pracy pedagoga specjalnego<\/strong><br \/>\n<strong>mgr Renata Rze\u017anik-Kawka<\/strong><\/p>\n<p style=\"text-align: center;\">wtorek: 8.00-11.00<br \/>\nczwartek: 8.00-9.00<br \/>\npi\u0105tek: 8.00-11.00<br \/>\n12.00 \u2013 14.00<\/p>\n<p style=\"text-align: center;\"><strong>Godziny pracy psychologa<\/strong><br \/>\n<strong>mgr Sebastian Krauz<\/strong><\/p>\n<p style=\"text-align: center;\">wtorek: 9.00 \u2013 15.00<br \/>\nczwartek: 10.15 \u2013 15.15<\/p>\n<hr \/>\n<p><iframe loading=\"lazy\" title=\"Jak Tik Tok degraduje nasz m\u00f3zg?\" width=\"604\" height=\"340\" src=\"https:\/\/www.youtube.com\/embed\/xrmQR_b6G4I?feature=oembed\" frameborder=\"0\" allow=\"accelerometer; autoplay; clipboard-write; encrypted-media; gyroscope; picture-in-picture; web-share\" referrerpolicy=\"strict-origin-when-cross-origin\" allowfullscreen><\/iframe><\/p>\n<p><iframe loading=\"lazy\" title=\"Pokolenie smutku i fonoholizmu, czyli jak smartfony niszcz\u0105 \u017cycie dzieci i doros\u0142ych\" width=\"604\" height=\"340\" src=\"https:\/\/www.youtube.com\/embed\/XbDiM8sM7gc?feature=oembed\" frameborder=\"0\" allow=\"accelerometer; autoplay; clipboard-write; encrypted-media; gyroscope; picture-in-picture; web-share\" referrerpolicy=\"strict-origin-when-cross-origin\" allowfullscreen><\/iframe><\/p>\n<hr \/>\n<p><strong>APTECZKA PIERWSZEJ POMOCY EMOCJONALNEJ<\/strong>\u00a0 to program profilaktyki uniwersalnej i promocji zdrowia realizowane w naszej plac\u00f3wce.<\/p>\n<p>Gdy co\u015b nam dolega si\u0119gamy do apteczki pierwszej pomocy medycznej. A jak mo\u017cemy pom\u00f3c sobie lub komu\u015b, kto czuje si\u0119 zraniony, czy prze\u017cywa trudne momenty?<\/p>\n<p>Podczas spotka\u0144 wsp\u00f3lnie z uczniami zastanawiamy si\u0119, co jest wa\u017cne dla zdrowia emocjonalnego i dobrego funkcjonowania, dzieci tworz\u0105 i wyposa\u017caj\u0105 swoje Apteczki. Uczymy dzieci optymizmu i radzenia sobie z przeciwno\u015bciami.<\/p>\n<p>Program jest adresowany do dzieci w wieku 8-12 lat. Nauczyciele \u2013 realizatorzy prowadz\u0105 zaj\u0119cia omawiaj\u0105c nast\u0119puj\u0105ce zagadnienia:<\/p>\n<ol>\n<li><strong>Apteczka skarb\u00f3w<\/strong>\u00a0\u2013\u00a0<em>jak leczy\u0107 rany duszy?<\/em><\/li>\n<li><strong>Optymizm<\/strong>\u00a0\u2013\u00a0<em>my\u015bl pozytywnie, wtedy jest \u0142atwiej!<\/em><\/li>\n<li><strong>Przyja\u017a\u0144<\/strong>\u00a0\u2013\u00a0<em>okazuj mi\u0142o\u015b\u0107 i przyja\u017a\u0144!<\/em><\/li>\n<li><strong>Kreatywno\u015b\u0107<\/strong>\u00a0\u2013\u00a0<em>ucz si\u0119 ca\u0142e \u017cycie, odkrywaj i wzmacniaj swoje talenty!<\/em><\/li>\n<li><strong>Wytrwa\u0142o\u015b\u0107\u00a0<\/strong>\u2013\u00a0<em>nie poddawaj si\u0119, sukces w \u017cyciu to bieg na d\u0142ugi dystans!<\/em><\/li>\n<li><strong>Zdrowie fizyczne<\/strong>\u00a0\u2013\u00a0<em>dbaj o zdrowie i \u0107wicz codziennie \u2013 to poprawia samopoczucie!<\/em><\/li>\n<li><strong>Szczero\u015b\u0107<\/strong>\u00a0\u2013\u00a0<em>nie komplikuj niepotrzebnie swojego \u017cycia!<\/em><\/li>\n<li><strong>\u017byczliwo\u015b\u0107<\/strong>\u00a0\u2013\u00a0<em>pr\u00f3buj zrozumie\u0107 i wspiera\u0107 innych!<\/em><\/li>\n<li><strong>Wdzi\u0119czno\u015b\u0107<\/strong>\u00a0\u2013\u00a0<em>okazuj wdzi\u0119czno\u015b\u0107 za wszystko, co ci\u0119 spotyka!<\/em><\/li>\n<li><strong>Marzenia<\/strong>\u00a0\u2013\u00a0<em>wyznaczaj sobie cele i pod\u0105\u017caj za marzeniami!<\/em><\/li>\n<\/ol>\n<p>Celem programu\u00a0<em>APTECZKA PIERWSZEJ POMOCY EMOCJONALNEJ<\/em>\u00a0jest rozwijanie w dzieciach podstawowych umiej\u0119tno\u015bci spo\u0142ecznych i emocjonalnych oraz przygotowanie do radzenia sobie z trudno\u015bciami. Korzystaj\u0105c z za\u0142o\u017ce\u0144 psychologii pozytywnej, sformu\u0142owanych przez ameryka\u0144skiego psychologa Martina E. P. Seligmana, przyj\u0119to, \u017ce optymizmu mo\u017cna si\u0119 nauczy\u0107, a postawa optymizmu mo\u017ce prowadzi\u0107 do szcz\u0119\u015bliwego i satysfakcjonuj\u0105cego \u017cycia.<\/p>\n<p><strong>Realizacja programu powinna przyczyni\u0107 si\u0119 do rozwijania w dzieciach umiej\u0119tno\u015bci radzenia sobie ze stresem i trudno\u015bciami poprzez budowanie pozytywnych przekona\u0144, wiary w siebie i zrozumienia dla innych.<\/strong><\/p>\n<p><strong><em>Apteczka Pierwszej Pomocy Emocjonalnej<\/em><\/strong>\u00a0jest potrzebna, by pom\u00f3c nie tylko leczy\u0107 rany duszy, ale r\u00f3wnie\u017c by odzyska\u0107 dobry humor, nadziej\u0119 i nabywa\u0107 odporno\u015b\u0107 psychiczn\u0105. Chcemy uczy\u0107 dzieci optymizmu, wiary we w\u0142asne si\u0142y i umiej\u0119tno\u015bci radzenia sobie z trudno\u015bciami.<\/p>\n<p>Wi\u0119cej informacji o programie mo\u017cna znale\u017a\u0107 na stronie\u00a0<a href=\"http:\/\/www.pozytywnaedukacja.pl\/\">www.pozytywnaedukacja.pl<\/a><\/p>\n<hr \/>\n<p><iframe loading=\"lazy\" title=\"Jak skutecznie si\u0119 uczy\u0107? Warsztaty dla uczni\u00f3w #wiemikropka | Przecinek i Kropka\" width=\"604\" height=\"340\" src=\"https:\/\/www.youtube.com\/embed\/ezKMqEVxZaM?feature=oembed\" frameborder=\"0\" allow=\"accelerometer; autoplay; clipboard-write; encrypted-media; gyroscope; picture-in-picture; web-share\" referrerpolicy=\"strict-origin-when-cross-origin\" allowfullscreen><\/iframe><\/p>\n<hr \/>\n<p>entrum Rozwoju Lokalnego wsp\u00f3lnie z psycholog Beat\u0105 Liwowsk\u0105 przygotowa\u0142o dla Pa\u0144stwa\u00a0 filmik w ramach\u00a0 cyklu poradnik\u00f3w edukacyjnych adresowanych do rodzic\u00f3w. Motywem przewodnim filmu jest rozw\u00f3j dziecka.<\/p>\n<p tabindex=\"-1\" data-legacy-thread-id=\"17785f18f2accd38\" data-thread-perm-id=\"thread-f:1691206220832886072\">Serdecznie zapraszamy do obejrzenia filmu.<br \/>\nLink do filmu:\u00a0<strong><a href=\"https:\/\/youtu.be\/Eao2j4IoKPg\">https:\/\/youtu.be\/Eao2j4IoKPg<\/a><\/strong><br \/>\nWszystkie filmy przygotowane w ramach cyklu \u201cCRL uczy rodzic\u00f3w\u201d dost\u0119pne s\u0105 na stronie:\u00a0<strong><a href=\"http:\/\/wspierajmarzenia.pl\/\">wspierajmarzenia.pl<\/a><\/strong><\/p>\n<p tabindex=\"-1\" data-legacy-thread-id=\"17785f18f2accd38\" data-thread-perm-id=\"thread-f:1691206220832886072\"><a href=\"http:\/\/spwr.ostnet.pl\/wp-content\/uploads\/2019\/01\/porady_pedagoga.pdf\">Pomoc pedagogiczna<\/a><\/p>\n<hr \/>\n<h2 id=\":14w\" tabindex=\"-1\" data-legacy-thread-id=\"17785f18f2accd38\" data-thread-perm-id=\"thread-f:1691206220832886072\"><strong>Plac\u00f3wki pomocowe dla dzieci i rodziny<\/strong><\/h2>\n<h4 align=\"center\"><strong>Powiatowe Centrum Pomocy Rodzinie w Rzeszowie<\/strong><br \/>\nul. S. Batorego 9,\u00a035-005 Rzesz\u00f3w<br \/>\n17 859 48 23<\/h4>\n<p><strong>Regionalny O\u015brodek Polityki Spo\u0142ecznej w Rzeszowie<\/strong><br \/>\n35-045\u00a0Rzesz\u00f3w, ul. Hetma\u0144ska 9<br \/>\ntel.: 17 747 06 00, \u00a0fax.: 17 747 06 01<br \/>\ne-mail:\u00a0<a href=\"mailto:sekretariat@rops.rzeszow.pl\">sekretariat@rops.rzeszow.pl<\/a><\/p>\n<p><strong>O\u015brodek Interwencji Kryzysowej<\/strong><br \/>\n36 \u2013 051 G\u00f3rno,\u00a0ul. Rzeszowska 5 (pawilon nr 7)<br \/>\ntel. (17) 859-48-23 w. 6<br \/>\ntel. 518 -736 \u2013 839<br \/>\ntel. 885 \u2013 696 \u2013\u00a0640 (interwencyjny)<br \/>\n<u><a href=\"http:\/\/www.oikgorno.republika.pl\/\">www.oikgorno.republika.pl<\/a><\/u><br \/>\n<u><a href=\"mailto:oik.gorno@poczta.fm\">oik.gorno@poczta.fm<\/a><\/u><br \/>\n<a href=\"mailto:oik@powiat.rzeszow.pl\">oik@powiat.rzeszow.pl<\/a><\/p>\n<p align=\"center\"><strong>Poradnia Psychologiczno Pedagogiczna nr 1 w Rzeszowie<\/strong><br \/>\nul. Batorego 9,\u00a035-005 Rzesz\u00f3w<br \/>\nwoj. podkarpackie<br \/>\ntel\/fax 017-852-81-30<br \/>\ne-mail:\u00a0<a href=\"mailto:sekretariat@ppp1-rzeszow.edu.pl\">sekretariat@ppp1-rzeszow.edu.pl<\/a><\/p>\n<p align=\"center\"><strong>Gminny O\u015brodek Pomocy Spo\u0142ecznej w Chmielniku<\/strong><br \/>\n36 \u2013 016 Chmielnik 50<br \/>\ntel. 17 22 96 603, 17 23 04 062<br \/>\nfax. 17 23 04 061<br \/>\ne \u2013 mail: gops@gops.chmielnik.pl<\/p>\n<p><strong>Og\u00f3lnopolski telefon zaufania dla dzieci i m\u0142odzie\u017cy \u2013 116 111<br \/>\nRzecznik Praw Dziecka \u2013 800 12 12 12<br \/>\nRzecznik Praw Obywatelskich \u2013 800 676 676<\/strong><\/p>\n<hr \/>\n<p><strong>Warto przeczyta\u0107:<\/strong><\/p>\n<ul>\n<li><a href=\"http:\/\/spwr.ostnet.pl\/wp-content\/uploads\/2018\/11\/Czytanie-jak-wp%C5%82ywa-na-nasz-m%C3%B3zg.pdf\">Czytanie jak wp\u0142ywa na nasz m\u00f3zg<\/a><\/li>\n<li><a href=\"http:\/\/spwr.ostnet.pl\/wp-content\/uploads\/2018\/11\/Rola-medi%C3%B3w.pdf\">Rola medi\u00f3w<\/a><\/li>\n<li><a href=\"http:\/\/spwr.ostnet.pl\/index.php\/wnioski-z-ankiety\/%20%E2%80%8E\">Wnioski z ankiety<\/a><\/li>\n<li><a href=\"http:\/\/spwr.ostnet.pl\/wp-content\/uploads\/2018\/11\/notatka-na-stonk%C4%99.pdf\">Zachowania<\/a><\/li>\n<\/ul>\n","protected":false},"excerpt":{"rendered":"<p>Konsultacje pedagoga i psychologa szkolnego\u00a0 Godziny pracy pedagoga szkolnego mgr Renata Rze\u017anik-Kawka poniedzia\u0142ek: 9.50 \u2013 12.50 \u015broda: 7.50 \u2013 9.50 Godziny pracy pedagoga specjalnego mgr Renata Rze\u017anik-Kawka wtorek: 8.00-11.00 czwartek: 8.00-9.00 pi\u0105tek:<a class=\"moretag\" href=\"https:\/\/spwr.chmielnik.pl\/index.php\/pedagog-psycholog\/\">Read More&#8230;<\/a><\/p>\n","protected":false},"author":1,"featured_media":0,"parent":0,"menu_order":0,"comment_status":"closed","ping_status":"closed","template":"","meta":{"footnotes":""},"class_list":["post-137","page","type-page","status-publish","hentry"],"_links":{"self":[{"href":"https:\/\/spwr.chmielnik.pl\/index.php\/wp-json\/wp\/v2\/pages\/137","targetHints":{"allow":["GET"]}}],"collection":[{"href":"https:\/\/spwr.chmielnik.pl\/index.php\/wp-json\/wp\/v2\/pages"}],"about":[{"href":"https:\/\/spwr.chmielnik.pl\/index.php\/wp-json\/wp\/v2\/types\/page"}],"author":[{"embeddable":true,"href":"https:\/\/spwr.chmielnik.pl\/index.php\/wp-json\/wp\/v2\/users\/1"}],"replies":[{"embeddable":true,"href":"https:\/\/spwr.chmielnik.pl\/index.php\/wp-json\/wp\/v2\/comments?post=137"}],"version-history":[{"count":2,"href":"https:\/\/spwr.chmielnik.pl\/index.php\/wp-json\/wp\/v2\/pages\/137\/revisions"}],"predecessor-version":[{"id":139,"href":"https:\/\/spwr.chmielnik.pl\/index.php\/wp-json\/wp\/v2\/pages\/137\/revisions\/139"}],"wp:attachment":[{"href":"https:\/\/spwr.chmielnik.pl\/index.php\/wp-json\/wp\/v2\/media?parent=137"}],"curies":[{"name":"wp","href":"https:\/\/api.w.org\/{rel}","templated":true}]}}