{"id":141,"date":"2026-03-15T22:01:37","date_gmt":"2026-03-15T21:01:37","guid":{"rendered":"https:\/\/spwr.chmielnik.pl\/?page_id=141"},"modified":"2026-03-15T22:11:53","modified_gmt":"2026-03-15T21:11:53","slug":"141-2","status":"publish","type":"page","link":"https:\/\/spwr.chmielnik.pl\/index.php\/141-2\/","title":{"rendered":"Dyrektor szko\u0142y"},"content":{"rendered":"<h3><strong><img loading=\"lazy\" decoding=\"async\" class=\"size-full wp-image-142 aligncenter\" src=\"https:\/\/spwr.chmielnik.pl\/wp-content\/uploads\/2026\/03\/dyrektor-240x300-1.jpg\" alt=\"\" width=\"240\" height=\"300\" \/><\/strong><\/h3>\n<h3 style=\"text-align: center;\"><span style=\"color: #13446f;\"><strong>Dyrektor szko\u0142y<\/strong><\/span><br \/>\n<span style=\"color: #13446f;\"><strong>mgr Halina Dr\u0105\u017cek<\/strong><\/span><\/h3>\n","protected":false},"excerpt":{"rendered":"<p>Dyrektor szko\u0142y mgr Halina Dr\u0105\u017cek<\/p>\n","protected":false},"author":1,"featured_media":0,"parent":0,"menu_order":0,"comment_status":"closed","ping_status":"closed","template":"","meta":{"footnotes":""},"class_list":["post-141","page","type-page","status-publish","hentry"],"_links":{"self":[{"href":"https:\/\/spwr.chmielnik.pl\/index.php\/wp-json\/wp\/v2\/pages\/141","targetHints":{"allow":["GET"]}}],"collection":[{"href":"https:\/\/spwr.chmielnik.pl\/index.php\/wp-json\/wp\/v2\/pages"}],"about":[{"href":"https:\/\/spwr.chmielnik.pl\/index.php\/wp-json\/wp\/v2\/types\/page"}],"author":[{"embeddable":true,"href":"https:\/\/spwr.chmielnik.pl\/index.php\/wp-json\/wp\/v2\/users\/1"}],"replies":[{"embeddable":true,"href":"https:\/\/spwr.chmielnik.pl\/index.php\/wp-json\/wp\/v2\/comments?post=141"}],"version-history":[{"count":4,"href":"https:\/\/spwr.chmielnik.pl\/index.php\/wp-json\/wp\/v2\/pages\/141\/revisions"}],"predecessor-version":[{"id":157,"href":"https:\/\/spwr.chmielnik.pl\/index.php\/wp-json\/wp\/v2\/pages\/141\/revisions\/157"}],"wp:attachment":[{"href":"https:\/\/spwr.chmielnik.pl\/index.php\/wp-json\/wp\/v2\/media?parent=141"}],"curies":[{"name":"wp","href":"https:\/\/api.w.org\/{rel}","templated":true}]}}