{"id":150,"date":"2026-03-15T22:08:40","date_gmt":"2026-03-15T21:08:40","guid":{"rendered":"https:\/\/spwr.chmielnik.pl\/?page_id=150"},"modified":"2026-03-15T22:09:12","modified_gmt":"2026-03-15T21:09:12","slug":"pozostali-pracownicy","status":"publish","type":"page","link":"https:\/\/spwr.chmielnik.pl\/index.php\/pozostali-pracownicy\/","title":{"rendered":"Pozostali pracownicy"},"content":{"rendered":"<p style=\"text-align: center;\"><strong><span style=\"color: #13446f;\">Sekretariat:<\/span><br \/>\n<\/strong>mgr Natalia Krawiec<\/p>\n<p style=\"text-align: center;\"><strong><span style=\"color: #13446f;\">Sprz\u0105taj\u0105ce:<\/span><br \/>\n<\/strong>El\u017cbieta Gwizda\u0142a<br \/>\nAlicja Nizio\u0142<\/p>\n<p style=\"text-align: center;\"><strong><span style=\"color: #13446f;\">Konserwator:<\/span><br \/>\n<\/strong>Piotr Gwizda\u0142a<\/p>\n","protected":false},"excerpt":{"rendered":"<p>Sekretariat: mgr Natalia Krawiec Sprz\u0105taj\u0105ce: El\u017cbieta Gwizda\u0142a Alicja Nizio\u0142 Konserwator: Piotr Gwizda\u0142a<\/p>\n","protected":false},"author":1,"featured_media":0,"parent":0,"menu_order":0,"comment_status":"closed","ping_status":"closed","template":"","meta":{"footnotes":""},"class_list":["post-150","page","type-page","status-publish","hentry"],"_links":{"self":[{"href":"https:\/\/spwr.chmielnik.pl\/index.php\/wp-json\/wp\/v2\/pages\/150","targetHints":{"allow":["GET"]}}],"collection":[{"href":"https:\/\/spwr.chmielnik.pl\/index.php\/wp-json\/wp\/v2\/pages"}],"about":[{"href":"https:\/\/spwr.chmielnik.pl\/index.php\/wp-json\/wp\/v2\/types\/page"}],"author":[{"embeddable":true,"href":"https:\/\/spwr.chmielnik.pl\/index.php\/wp-json\/wp\/v2\/users\/1"}],"replies":[{"embeddable":true,"href":"https:\/\/spwr.chmielnik.pl\/index.php\/wp-json\/wp\/v2\/comments?post=150"}],"version-history":[{"count":2,"href":"https:\/\/spwr.chmielnik.pl\/index.php\/wp-json\/wp\/v2\/pages\/150\/revisions"}],"predecessor-version":[{"id":152,"href":"https:\/\/spwr.chmielnik.pl\/index.php\/wp-json\/wp\/v2\/pages\/150\/revisions\/152"}],"wp:attachment":[{"href":"https:\/\/spwr.chmielnik.pl\/index.php\/wp-json\/wp\/v2\/media?parent=150"}],"curies":[{"name":"wp","href":"https:\/\/api.w.org\/{rel}","templated":true}]}}