{"id":187,"date":"2026-03-16T21:09:50","date_gmt":"2026-03-16T20:09:50","guid":{"rendered":"https:\/\/spwr.chmielnik.pl\/?page_id=187"},"modified":"2026-03-16T21:09:50","modified_gmt":"2026-03-16T20:09:50","slug":"dni-dodatkowo-wolne","status":"publish","type":"page","link":"https:\/\/spwr.chmielnik.pl\/index.php\/dni-dodatkowo-wolne\/","title":{"rendered":"Dni dodatkowo wolne"},"content":{"rendered":"<p><strong><span style=\"color: #13446f;\">Dni dodatkowo wolne od zaj\u0119\u0107 dydaktycznych<\/span><\/strong><\/p>\n<p><strong><span style=\"color: #13446f;\">Dni wolne &#8211; szko\u0142a<\/span><\/strong><br \/>\n10.11.2025 r.<br \/>\n02.01.2026 r.<br \/>\n05.01.2026 r.<br \/>\n11 \u2013 13 maja \u2013 egzaminy \u00f3smoklasisty<br \/>\n05.06.2026 r.<br \/>\n22.06.2026 r. konferencja klasyfikacyjna<\/p>\n<p><strong><span style=\"color: #13446f;\">Dni wolne &#8211; oddzia\u0142 przedszkolny:<\/span><\/strong><br \/>\n10.11.2025 r.<br \/>\n02.01.2026 r.<br \/>\n05.01.2026 r.<br \/>\n23.02. \u2013 01.03.2026 r.<br \/>\n03.04.2026 r.<br \/>\n11 \u2013 13.05.2026 r.<br \/>\n05.06.2026 r.<\/p>\n","protected":false},"excerpt":{"rendered":"<p>Dni dodatkowo wolne od zaj\u0119\u0107 dydaktycznych Dni wolne &#8211; szko\u0142a 10.11.2025 r. 02.01.2026 r. 05.01.2026 r. 11 \u2013 13 maja \u2013 egzaminy \u00f3smoklasisty 05.06.2026 r. 22.06.2026 r. konferencja klasyfikacyjna Dni wolne &#8211;<a class=\"moretag\" href=\"https:\/\/spwr.chmielnik.pl\/index.php\/dni-dodatkowo-wolne\/\">Read More&#8230;<\/a><\/p>\n","protected":false},"author":1,"featured_media":0,"parent":0,"menu_order":0,"comment_status":"closed","ping_status":"closed","template":"","meta":{"footnotes":""},"class_list":["post-187","page","type-page","status-publish","hentry"],"_links":{"self":[{"href":"https:\/\/spwr.chmielnik.pl\/index.php\/wp-json\/wp\/v2\/pages\/187","targetHints":{"allow":["GET"]}}],"collection":[{"href":"https:\/\/spwr.chmielnik.pl\/index.php\/wp-json\/wp\/v2\/pages"}],"about":[{"href":"https:\/\/spwr.chmielnik.pl\/index.php\/wp-json\/wp\/v2\/types\/page"}],"author":[{"embeddable":true,"href":"https:\/\/spwr.chmielnik.pl\/index.php\/wp-json\/wp\/v2\/users\/1"}],"replies":[{"embeddable":true,"href":"https:\/\/spwr.chmielnik.pl\/index.php\/wp-json\/wp\/v2\/comments?post=187"}],"version-history":[{"count":1,"href":"https:\/\/spwr.chmielnik.pl\/index.php\/wp-json\/wp\/v2\/pages\/187\/revisions"}],"predecessor-version":[{"id":188,"href":"https:\/\/spwr.chmielnik.pl\/index.php\/wp-json\/wp\/v2\/pages\/187\/revisions\/188"}],"wp:attachment":[{"href":"https:\/\/spwr.chmielnik.pl\/index.php\/wp-json\/wp\/v2\/media?parent=187"}],"curies":[{"name":"wp","href":"https:\/\/api.w.org\/{rel}","templated":true}]}}