{"id":193,"date":"2026-03-16T21:14:49","date_gmt":"2026-03-16T20:14:49","guid":{"rendered":"https:\/\/spwr.chmielnik.pl\/?page_id=193"},"modified":"2026-03-16T21:35:48","modified_gmt":"2026-03-16T20:35:48","slug":"193-2","status":"publish","type":"page","link":"https:\/\/spwr.chmielnik.pl\/index.php\/193-2\/","title":{"rendered":"Procedury"},"content":{"rendered":"<ul>\n<li><a href=\"https:\/\/spwr.chmielnik.pl\/wp-content\/uploads\/2026\/03\/karta_informacji_o_wypadku_2018.pdf\">Karta Informacji o wypadku lub niebezpiecznym zdarzeniu na terenie szko\u0142y\/plac\u00f3wki<\/a><\/li>\n<li><a href=\"https:\/\/spwr.chmielnik.pl\/wp-content\/uploads\/2026\/03\/Opuszczenie-terenu-szkoly.pdf\">Procedura post\u0119powania gdy ucze\u0144 samowolnie opu\u015bci teren szko\u0142y <\/a><\/li>\n<li><a href=\"https:\/\/spwr.chmielnik.pl\/wp-content\/uploads\/2026\/03\/PROCEDURY-POSTEPOWANIA-NAUCZYCIELI.pdf\">Procedura post\u0119powania nauczycieli w sytuacjach zagro\u017cenia m\u0142odzie\u017cy demoralizacj\u0105 i przest\u0119pczo\u015bci\u0105<\/a><\/li>\n<li><a href=\"https:\/\/spwr.chmielnik.pl\/wp-content\/uploads\/2026\/03\/PROCEDURA-POSTEPOWANIA-W-PRZYPADKU-NISZCZENIA-MIENIA-SZKOLY-PODSTAWOWEJ-IM.pdf\">Procedura post\u0119powania w przypadku niszczenia mienia szko\u0142y<\/a><\/li>\n<li><a href=\"https:\/\/spwr.chmielnik.pl\/wp-content\/uploads\/2026\/03\/Procedura_reagowania_na_akty_agresji.pdf\">Procedura post\u0119powania w razie ujawnienia przypadku agresji lub przemocy r\u00f3wie\u015bniczej<\/a><\/li>\n<li><a href=\"https:\/\/spwr.chmielnik.pl\/wp-content\/uploads\/2026\/03\/PROCEDURA-W-PRZYPADKU-KRADZIEZY-NA-TERENIE-SZKOLY-PODSTAWOWEJ-IM.pdf\">Procedura w przypadku kradzie\u017cy na terenie szko\u0142y<\/a><\/li>\n<li><a href=\"https:\/\/spwr.chmielnik.pl\/wp-content\/uploads\/2026\/03\/alkohol.pdf\">Procedura post\u0119powania w przypadku pojawienia si\u0119 na terenie szko\u0142y ucznia pod wp\u0142ywem narkotyk\u00f3w\/alkoholu\/dopalaczy<\/a><\/li>\n<li><a href=\"https:\/\/spwr.chmielnik.pl\/wp-content\/uploads\/2026\/03\/Procedura-postepowania-w-przypadku-wagarowania.pdf\">Procedura post\u0119powania w przypadku wagarowania<\/a><\/li>\n<li><a href=\"https:\/\/spwr.chmielnik.pl\/wp-content\/uploads\/2026\/03\/Procedura-postepowania-w-sytuacji.pdf\">Procedura post\u0119powania w sytuacji gdy ucze\u0144 samowolnie opu\u015bci \u015bwietlic\u0119 szkoln\u0105<\/a><\/li>\n<li><a href=\"https:\/\/spwr.chmielnik.pl\/wp-content\/uploads\/2026\/03\/procedura-wypadkowa.pdf\">Procedura powypadkowa<\/a><\/li>\n<li><a href=\"https:\/\/spwr.chmielnik.pl\/wp-content\/uploads\/2026\/03\/PROCEDURA-WYDAWANIA-DUPLIKATOW-LEGITYMACJI-SZKOLNEJ.pdf\">Procedura wydawania duplikat\u00f3w legitymacji szkolnej<\/a><\/li>\n<li><a href=\"https:\/\/spwr.chmielnik.pl\/wp-content\/uploads\/2026\/03\/PROCEDURA-ZWALNIANIA-UCZNIOW-Z-ZAJEC-WYCHOWANIA-FIZYCZNEGO.pdf\">Procedura zwalniania uczni\u00f3w z zaj\u0119\u0107 wychowania fizycznego<\/a><\/li>\n<li><a href=\"https:\/\/spwr.chmielnik.pl\/wp-content\/uploads\/2026\/03\/Wniosek-o-duplikat-legitymacji-szkolnej.pdf\">Wniosek o duplikat legitymacji szkolnej<\/a><\/li>\n<\/ul>\n<p>&nbsp;<\/p>\n","protected":false},"excerpt":{"rendered":"<p>Karta Informacji o wypadku lub niebezpiecznym zdarzeniu na terenie szko\u0142y\/plac\u00f3wki Procedura post\u0119powania gdy ucze\u0144 samowolnie opu\u015bci teren szko\u0142y Procedura post\u0119powania nauczycieli w sytuacjach zagro\u017cenia m\u0142odzie\u017cy demoralizacj\u0105 i przest\u0119pczo\u015bci\u0105 Procedura post\u0119powania w przypadku<a class=\"moretag\" href=\"https:\/\/spwr.chmielnik.pl\/index.php\/193-2\/\">Read More&#8230;<\/a><\/p>\n","protected":false},"author":1,"featured_media":0,"parent":0,"menu_order":0,"comment_status":"closed","ping_status":"closed","template":"","meta":{"footnotes":""},"class_list":["post-193","page","type-page","status-publish","hentry"],"_links":{"self":[{"href":"https:\/\/spwr.chmielnik.pl\/index.php\/wp-json\/wp\/v2\/pages\/193","targetHints":{"allow":["GET"]}}],"collection":[{"href":"https:\/\/spwr.chmielnik.pl\/index.php\/wp-json\/wp\/v2\/pages"}],"about":[{"href":"https:\/\/spwr.chmielnik.pl\/index.php\/wp-json\/wp\/v2\/types\/page"}],"author":[{"embeddable":true,"href":"https:\/\/spwr.chmielnik.pl\/index.php\/wp-json\/wp\/v2\/users\/1"}],"replies":[{"embeddable":true,"href":"https:\/\/spwr.chmielnik.pl\/index.php\/wp-json\/wp\/v2\/comments?post=193"}],"version-history":[{"count":18,"href":"https:\/\/spwr.chmielnik.pl\/index.php\/wp-json\/wp\/v2\/pages\/193\/revisions"}],"predecessor-version":[{"id":227,"href":"https:\/\/spwr.chmielnik.pl\/index.php\/wp-json\/wp\/v2\/pages\/193\/revisions\/227"}],"wp:attachment":[{"href":"https:\/\/spwr.chmielnik.pl\/index.php\/wp-json\/wp\/v2\/media?parent=193"}],"curies":[{"name":"wp","href":"https:\/\/api.w.org\/{rel}","templated":true}]}}