{"id":235,"date":"2026-03-17T09:11:02","date_gmt":"2026-03-17T08:11:02","guid":{"rendered":"https:\/\/spwr.chmielnik.pl\/?page_id=235"},"modified":"2026-03-18T10:35:01","modified_gmt":"2026-03-18T09:35:02","slug":"samorzad","status":"publish","type":"page","link":"https:\/\/spwr.chmielnik.pl\/index.php\/samorzad\/","title":{"rendered":"Samorz\u0105d"},"content":{"rendered":"<p><strong>Prezydium Samorz\u0105du Uczniowskiego 2019\/2020<\/strong><\/p>\n<p><strong>Przewodnicz\u0105cy<\/strong>:\u00a0<span style=\"color: #1bb999;\"><strong>Patryk Dzier\u017cak<\/strong><\/span><br \/>\n<strong>Zast\u0119pca: <span style=\"color: #1bb999;\">Marcin Janik<\/span><\/strong><br \/>\n<strong>Cz\u0142onek:\u00a0<\/strong><\/p>\n<p><strong><em>Prezydium:<\/em>\u00a0\u00a0<\/strong><\/p>\n<p><strong>Opiekunowie Samorz\u0105du Uczniowskiego:\u00a0mgr Magdalena B\u0105k-Maruszak, mgr Anna Wo\u0142kowicz<\/strong><\/p>\n","protected":false},"excerpt":{"rendered":"<p>Prezydium Samorz\u0105du Uczniowskiego 2019\/2020 Przewodnicz\u0105cy:\u00a0Patryk Dzier\u017cak Zast\u0119pca: Marcin Janik Cz\u0142onek:\u00a0 Prezydium:\u00a0\u00a0 Opiekunowie Samorz\u0105du Uczniowskiego:\u00a0mgr Magdalena B\u0105k-Maruszak, mgr Anna Wo\u0142kowicz<\/p>\n","protected":false},"author":1,"featured_media":0,"parent":0,"menu_order":0,"comment_status":"closed","ping_status":"closed","template":"","meta":{"footnotes":""},"class_list":["post-235","page","type-page","status-publish","hentry"],"_links":{"self":[{"href":"https:\/\/spwr.chmielnik.pl\/index.php\/wp-json\/wp\/v2\/pages\/235","targetHints":{"allow":["GET"]}}],"collection":[{"href":"https:\/\/spwr.chmielnik.pl\/index.php\/wp-json\/wp\/v2\/pages"}],"about":[{"href":"https:\/\/spwr.chmielnik.pl\/index.php\/wp-json\/wp\/v2\/types\/page"}],"author":[{"embeddable":true,"href":"https:\/\/spwr.chmielnik.pl\/index.php\/wp-json\/wp\/v2\/users\/1"}],"replies":[{"embeddable":true,"href":"https:\/\/spwr.chmielnik.pl\/index.php\/wp-json\/wp\/v2\/comments?post=235"}],"version-history":[{"count":2,"href":"https:\/\/spwr.chmielnik.pl\/index.php\/wp-json\/wp\/v2\/pages\/235\/revisions"}],"predecessor-version":[{"id":473,"href":"https:\/\/spwr.chmielnik.pl\/index.php\/wp-json\/wp\/v2\/pages\/235\/revisions\/473"}],"wp:attachment":[{"href":"https:\/\/spwr.chmielnik.pl\/index.php\/wp-json\/wp\/v2\/media?parent=235"}],"curies":[{"name":"wp","href":"https:\/\/api.w.org\/{rel}","templated":true}]}}