{"id":315,"date":"2026-03-17T10:10:11","date_gmt":"2026-03-17T09:10:11","guid":{"rendered":"https:\/\/spwr.chmielnik.pl\/?page_id=315"},"modified":"2026-03-17T10:10:11","modified_gmt":"2026-03-17T09:10:11","slug":"rada-rodzicow","status":"publish","type":"page","link":"https:\/\/spwr.chmielnik.pl\/index.php\/rada-rodzicow\/","title":{"rendered":"Rada Rodzic\u00f3w"},"content":{"rendered":"<p><strong>Prezydium Rady Rodzic\u00f3w w roku szkolnym 2025\/2026<\/strong><\/p>\n<p><strong>Przewodnicz\u0105cy<\/strong>:<br \/>\n<strong>Zast\u0119pca przewodnicz\u0105cego<\/strong>:<br \/>\n<strong>Sekretarz<\/strong>:<br \/>\n<strong>Skarbnik<\/strong>:<\/p>\n<p><b>Rada Rodzic\u00f3w w roku szkolnym 2025\/2026 serdecznie zaprasza Rodzic\u00f3w do wsp\u00f3\u0142pracy!<\/b><\/p>\n","protected":false},"excerpt":{"rendered":"<p>Prezydium Rady Rodzic\u00f3w w roku szkolnym 2025\/2026 Przewodnicz\u0105cy: Zast\u0119pca przewodnicz\u0105cego: Sekretarz: Skarbnik: Rada Rodzic\u00f3w w roku szkolnym 2025\/2026 serdecznie zaprasza Rodzic\u00f3w do wsp\u00f3\u0142pracy!<\/p>\n","protected":false},"author":1,"featured_media":0,"parent":0,"menu_order":0,"comment_status":"closed","ping_status":"closed","template":"","meta":{"footnotes":""},"class_list":["post-315","page","type-page","status-publish","hentry"],"_links":{"self":[{"href":"https:\/\/spwr.chmielnik.pl\/index.php\/wp-json\/wp\/v2\/pages\/315","targetHints":{"allow":["GET"]}}],"collection":[{"href":"https:\/\/spwr.chmielnik.pl\/index.php\/wp-json\/wp\/v2\/pages"}],"about":[{"href":"https:\/\/spwr.chmielnik.pl\/index.php\/wp-json\/wp\/v2\/types\/page"}],"author":[{"embeddable":true,"href":"https:\/\/spwr.chmielnik.pl\/index.php\/wp-json\/wp\/v2\/users\/1"}],"replies":[{"embeddable":true,"href":"https:\/\/spwr.chmielnik.pl\/index.php\/wp-json\/wp\/v2\/comments?post=315"}],"version-history":[{"count":1,"href":"https:\/\/spwr.chmielnik.pl\/index.php\/wp-json\/wp\/v2\/pages\/315\/revisions"}],"predecessor-version":[{"id":316,"href":"https:\/\/spwr.chmielnik.pl\/index.php\/wp-json\/wp\/v2\/pages\/315\/revisions\/316"}],"wp:attachment":[{"href":"https:\/\/spwr.chmielnik.pl\/index.php\/wp-json\/wp\/v2\/media?parent=315"}],"curies":[{"name":"wp","href":"https:\/\/api.w.org\/{rel}","templated":true}]}}