{"id":321,"date":"2026-03-17T10:13:52","date_gmt":"2026-03-17T09:13:52","guid":{"rendered":"https:\/\/spwr.chmielnik.pl\/?page_id=321"},"modified":"2026-03-17T10:13:52","modified_gmt":"2026-03-17T09:13:52","slug":"technikoludek","status":"publish","type":"page","link":"https:\/\/spwr.chmielnik.pl\/index.php\/technikoludek\/","title":{"rendered":"Technikoludek"},"content":{"rendered":"<p>Bezpieczne dziecko w sieci<\/p>\n<p><strong>Bezpieczne dziecko w sieci,\u00a0 to odpowiedzialny i spokojny rodzic\u2026\u2026..<\/strong><\/p>\n<p>Zak\u0142adka Technikoludka to miejsce dla wszystkich zainteresowanych os\u00f3b, nie tylko rodzic\u00f3w naszych przedszkolak\u00f3w, w kt\u00f3rym b\u0119dzie mo\u017cna znale\u017a\u0107 ciekawe informacje na temat nowoczesnych technologii, artyku\u0142y zwi\u0105zane z tym tematem a tak\u017ce przydatne linki do stron internetowych. K\u0105cik powsta\u0142\u00a0w wyniku realizacji zada\u0144 projektu\u00a0 \u2013 \u201eTechnikoludek \u2013 czyli przedszkolak w \u015bwiecie technologii\u201d, i jest odpowiedzi\u0105 na priorytety MEN na 2020\/21 r.<\/p>\n<p>Nie trudno zauwa\u017cy\u0107, \u017ce z Internetu korzystaj\u0105 obecnie coraz m\u0142odsze dzieci. Obecna sytuacja sprawi\u0142a, \u017ce umiej\u0119tno\u015b\u0107 pos\u0142ugiwania si\u0119 sprz\u0119tem komputerowym oraz korzystanie z zasob\u00f3w Internetowych dotyka coraz m\u0142odsze dzieci.Warto zauwa\u017cy\u0107, \u017ce sam w sobie Internet jest pomocnym narz\u0119dziem umo\u017cliwiaj\u0105cym \u0142atw\u0105 komunikacj\u0119 czy te\u017c jest pomocny do nauki, rozwijania zainteresowa\u0144 oraz zapewnia swego rodzaju rozrywk\u0119. Nale\u017cy jednak pami\u0119ta\u0107, \u017ce z Internetem zwi\u0105zane jest wiele niebezpiecze\u0144stw.<\/p>\n<p>Opr\u00f3cz po\u017cytecznych tre\u015bci mo\u017cna natrafi\u0107 na te szkodliwe jak np .pornografia, tre\u015bci obrazuj\u0105ce przemoc, obra\u017cenia fizyczne, \u015bmier\u0107 lub nawo\u0142uj\u0105ce do nietolerancji. Dlatego bardzo jest nauka bezpiecznego surfowania oraz uchronienie najm\u0142odszych przed zagro\u017ceniami.<\/p>\n<p>W poni\u017cszym padlecie zosta\u0142y zawarte Wszelkie przydatne Linki zwi\u0105zane z \u00a0bezpiecze\u0144stwem najm\u0142odszych u\u017cytkownik\u00f3w w sieci oraz zbi\u00f3r ciekawych stron internetowych. Zach\u0119camy do korzystania.<\/p>\n<p><strong><a href=\"https:\/\/padlet.com\/wolaprzedszkolaki\/BezpiecznyInternet\">https:\/\/padlet.com\/wolaprzedszkolaki\/BezpiecznyInternet<\/a><\/strong><\/p>\n<p>&nbsp;<\/p>\n","protected":false},"excerpt":{"rendered":"<p>Bezpieczne dziecko w sieci Bezpieczne dziecko w sieci,\u00a0 to odpowiedzialny i spokojny rodzic\u2026\u2026.. Zak\u0142adka Technikoludka to miejsce dla wszystkich zainteresowanych os\u00f3b, nie tylko rodzic\u00f3w naszych przedszkolak\u00f3w, w kt\u00f3rym b\u0119dzie mo\u017cna znale\u017a\u0107 ciekawe<a class=\"moretag\" href=\"https:\/\/spwr.chmielnik.pl\/index.php\/technikoludek\/\">Read More&#8230;<\/a><\/p>\n","protected":false},"author":1,"featured_media":0,"parent":0,"menu_order":0,"comment_status":"closed","ping_status":"closed","template":"","meta":{"footnotes":""},"class_list":["post-321","page","type-page","status-publish","hentry"],"_links":{"self":[{"href":"https:\/\/spwr.chmielnik.pl\/index.php\/wp-json\/wp\/v2\/pages\/321","targetHints":{"allow":["GET"]}}],"collection":[{"href":"https:\/\/spwr.chmielnik.pl\/index.php\/wp-json\/wp\/v2\/pages"}],"about":[{"href":"https:\/\/spwr.chmielnik.pl\/index.php\/wp-json\/wp\/v2\/types\/page"}],"author":[{"embeddable":true,"href":"https:\/\/spwr.chmielnik.pl\/index.php\/wp-json\/wp\/v2\/users\/1"}],"replies":[{"embeddable":true,"href":"https:\/\/spwr.chmielnik.pl\/index.php\/wp-json\/wp\/v2\/comments?post=321"}],"version-history":[{"count":1,"href":"https:\/\/spwr.chmielnik.pl\/index.php\/wp-json\/wp\/v2\/pages\/321\/revisions"}],"predecessor-version":[{"id":322,"href":"https:\/\/spwr.chmielnik.pl\/index.php\/wp-json\/wp\/v2\/pages\/321\/revisions\/322"}],"wp:attachment":[{"href":"https:\/\/spwr.chmielnik.pl\/index.php\/wp-json\/wp\/v2\/media?parent=321"}],"curies":[{"name":"wp","href":"https:\/\/api.w.org\/{rel}","templated":true}]}}