{"id":332,"date":"2026-03-17T10:27:38","date_gmt":"2026-03-17T09:27:38","guid":{"rendered":"https:\/\/spwr.chmielnik.pl\/?page_id=332"},"modified":"2026-03-17T12:03:56","modified_gmt":"2026-03-17T11:03:56","slug":"kontakt","status":"publish","type":"page","link":"https:\/\/spwr.chmielnik.pl\/index.php\/kontakt\/","title":{"rendered":"Kontakt"},"content":{"rendered":"<h5 style=\"text-align: center;\"><strong>Szko\u0142a Podstawowa\u00a0im. Stefana Kard. Wyszy\u0144skiego<br \/>\nw Woli Rafa\u0142owskiej<\/strong><\/h5>\n<p style=\"text-align: center;\"><img loading=\"lazy\" decoding=\"async\" class=\"alignnone wp-image-335\" src=\"https:\/\/spwr.chmielnik.pl\/wp-content\/uploads\/2026\/03\/lokalizacja.png\" alt=\"\" width=\"35\" height=\"35\" \/> <b>Wola Rafa\u0142owska 139,<br \/>\n36-017 Wola Rafa\u0142owska<\/b><\/p>\n<p style=\"text-align: center;\"><strong><img loading=\"lazy\" decoding=\"async\" class=\"alignnone wp-image-336\" src=\"https:\/\/spwr.chmielnik.pl\/wp-content\/uploads\/2026\/03\/telefon.png\" alt=\"\" width=\"35\" height=\"35\" \/> +48 17 22 96 617<\/strong><\/p>\n<p style=\"text-align: center;\"><img loading=\"lazy\" decoding=\"async\" class=\"alignnone wp-image-334\" src=\"https:\/\/spwr.chmielnik.pl\/wp-content\/uploads\/2026\/03\/koperta.png\" alt=\"\" width=\"35\" height=\"35\" \/>\u00a0<strong>wola@spwr.chmielnik.pl<\/strong><\/p>\n<p>&nbsp;<\/p>\n<div class=\"su-gmap su-u-responsive-media-yes\"><iframe loading=\"lazy\" width=\"860\" height=\"880\" src=\"\/\/maps.google.com\/maps?q=Szko%C5%82a%20Podstawowa%2C%20Wola%20Rafa%C5%82owska%20139%2C%2036-017%20Wola%20Rafa%C5%82owska%2C%20Polska&amp;output=embed\" title=\"\"><\/iframe><\/div>\n","protected":false},"excerpt":{"rendered":"<p>Szko\u0142a Podstawowa\u00a0im. Stefana Kard. Wyszy\u0144skiego w Woli Rafa\u0142owskiej Wola Rafa\u0142owska 139, 36-017 Wola Rafa\u0142owska +48 17 22 96 617 \u00a0wola@spwr.chmielnik.pl &nbsp;<\/p>\n","protected":false},"author":1,"featured_media":0,"parent":0,"menu_order":0,"comment_status":"closed","ping_status":"closed","template":"","meta":{"footnotes":""},"class_list":["post-332","page","type-page","status-publish","hentry"],"_links":{"self":[{"href":"https:\/\/spwr.chmielnik.pl\/index.php\/wp-json\/wp\/v2\/pages\/332","targetHints":{"allow":["GET"]}}],"collection":[{"href":"https:\/\/spwr.chmielnik.pl\/index.php\/wp-json\/wp\/v2\/pages"}],"about":[{"href":"https:\/\/spwr.chmielnik.pl\/index.php\/wp-json\/wp\/v2\/types\/page"}],"author":[{"embeddable":true,"href":"https:\/\/spwr.chmielnik.pl\/index.php\/wp-json\/wp\/v2\/users\/1"}],"replies":[{"embeddable":true,"href":"https:\/\/spwr.chmielnik.pl\/index.php\/wp-json\/wp\/v2\/comments?post=332"}],"version-history":[{"count":4,"href":"https:\/\/spwr.chmielnik.pl\/index.php\/wp-json\/wp\/v2\/pages\/332\/revisions"}],"predecessor-version":[{"id":341,"href":"https:\/\/spwr.chmielnik.pl\/index.php\/wp-json\/wp\/v2\/pages\/332\/revisions\/341"}],"wp:attachment":[{"href":"https:\/\/spwr.chmielnik.pl\/index.php\/wp-json\/wp\/v2\/media?parent=332"}],"curies":[{"name":"wp","href":"https:\/\/api.w.org\/{rel}","templated":true}]}}