{"id":512,"date":"2026-03-18T12:26:42","date_gmt":"2026-03-18T11:26:42","guid":{"rendered":"https:\/\/spwr.chmielnik.pl\/?page_id=512"},"modified":"2026-03-18T16:51:34","modified_gmt":"2026-03-18T15:51:34","slug":"motyl-2","status":"publish","type":"page","link":"https:\/\/spwr.chmielnik.pl\/index.php\/motyl-2\/","title":{"rendered":"Motyl"},"content":{"rendered":"<p>Gazetka szkolna Motyl ,\u00a0<strong>wydawana ju\u017c do 1991 r.<\/strong>, znajduje czytelnik\u00f3w zar\u00f3wno przez uczni\u00f3w jak r\u00f3wnie\u017c ich rodzic\u00f3w, dziadk\u00f3w czy znajomych.\u00a0W gazetce mo\u017cna znale\u017a\u0107 sprawozdania z imprez i uroczysto\u015bci szkolnych, wywiady z ciekawymi lud\u017ami, ciekawe felietony, artyku\u0142y okoliczno\u015bciowe, tw\u00f3rczo\u015b\u0107 uczniowsk\u0105, \u2026<br \/>\nZach\u0119camy do zapoznania si\u0119 z tre\u015bci\u0105 wybranych numer\u00f3w archiwalnych umieszczonych na stronie \u00a0w wersji elektronicznej.<\/p>\n<p><a href=\"https:\/\/spwr.chmielnik.pl\/wp-content\/uploads\/2026\/03\/motyl_lato25.pdf\">Gazetka szkolna Motyl \u2013\u00a0 lato 2025<\/a><\/p>\n<p><a href=\"https:\/\/spwr.chmielnik.pl\/wp-content\/uploads\/2026\/03\/motyl_wiosna25.pdf\">Gazetka szkolna Motyl \u2013\u00a0 wiosna 2025<\/a><\/p>\n<p><a href=\"https:\/\/spwr.chmielnik.pl\/wp-content\/uploads\/2026\/03\/motyl_grudzien_21_14-skompresowany.pdf\">Gazetka szkolna Motyl \u2013 12\/2021<\/a><\/p>\n<p><a href=\"https:\/\/spwr.chmielnik.pl\/wp-content\/uploads\/2026\/03\/motyl-skompresowany.pdf\">Gazetka szkolna Motyl \u2013 1\/2019\/2020<\/a><\/p>\n<p><a href=\"https:\/\/spwr.chmielnik.pl\/wp-content\/uploads\/2026\/03\/motyl_2_2016.compressed.pdf\">Gazetka szkolna Motyl \u2013 2\/2016\/2017<\/a><\/p>\n<p><a href=\"https:\/\/spwr.chmielnik.pl\/wp-content\/uploads\/2026\/03\/motyl_2_2016.compressed.pdf\">Gazetka szkolna Motyl -1\/2016\/2017<\/a><\/p>\n<p><a href=\"https:\/\/spwr.chmielnik.pl\/wp-content\/uploads\/2026\/03\/2-2016.pdf\">Gazetka szkolna Motyl -2\/2015\/2016<\/a><\/p>\n<p><a href=\"https:\/\/spwr.chmielnik.pl\/wp-content\/uploads\/2026\/03\/2016.pdf\">Gazetka szkolna Motyl -1\/2015\/2016<\/a><\/p>\n<p><a href=\"https:\/\/spwr.chmielnik.pl\/wp-content\/uploads\/2026\/03\/2015.pdf\">Gazetka szkolna Motyl -3\/2014\/2015<\/a><\/p>\n","protected":false},"excerpt":{"rendered":"<p>Gazetka szkolna Motyl ,\u00a0wydawana ju\u017c do 1991 r., znajduje czytelnik\u00f3w zar\u00f3wno przez uczni\u00f3w jak r\u00f3wnie\u017c ich rodzic\u00f3w, dziadk\u00f3w czy znajomych.\u00a0W gazetce mo\u017cna znale\u017a\u0107 sprawozdania z imprez i uroczysto\u015bci szkolnych, wywiady z ciekawymi<a class=\"moretag\" href=\"https:\/\/spwr.chmielnik.pl\/index.php\/motyl-2\/\">Read More&#8230;<\/a><\/p>\n","protected":false},"author":1,"featured_media":0,"parent":0,"menu_order":0,"comment_status":"closed","ping_status":"closed","template":"","meta":{"footnotes":""},"class_list":["post-512","page","type-page","status-publish","hentry"],"_links":{"self":[{"href":"https:\/\/spwr.chmielnik.pl\/index.php\/wp-json\/wp\/v2\/pages\/512","targetHints":{"allow":["GET"]}}],"collection":[{"href":"https:\/\/spwr.chmielnik.pl\/index.php\/wp-json\/wp\/v2\/pages"}],"about":[{"href":"https:\/\/spwr.chmielnik.pl\/index.php\/wp-json\/wp\/v2\/types\/page"}],"author":[{"embeddable":true,"href":"https:\/\/spwr.chmielnik.pl\/index.php\/wp-json\/wp\/v2\/users\/1"}],"replies":[{"embeddable":true,"href":"https:\/\/spwr.chmielnik.pl\/index.php\/wp-json\/wp\/v2\/comments?post=512"}],"version-history":[{"count":11,"href":"https:\/\/spwr.chmielnik.pl\/index.php\/wp-json\/wp\/v2\/pages\/512\/revisions"}],"predecessor-version":[{"id":535,"href":"https:\/\/spwr.chmielnik.pl\/index.php\/wp-json\/wp\/v2\/pages\/512\/revisions\/535"}],"wp:attachment":[{"href":"https:\/\/spwr.chmielnik.pl\/index.php\/wp-json\/wp\/v2\/media?parent=512"}],"curies":[{"name":"wp","href":"https:\/\/api.w.org\/{rel}","templated":true}]}}