{"id":522,"date":"2026-03-18T12:34:14","date_gmt":"2026-03-18T11:34:14","guid":{"rendered":"https:\/\/spwr.chmielnik.pl\/?page_id=522"},"modified":"2026-03-18T12:34:14","modified_gmt":"2026-03-18T11:34:14","slug":"nasi-sponsorzy","status":"publish","type":"page","link":"https:\/\/spwr.chmielnik.pl\/index.php\/nasi-sponsorzy\/","title":{"rendered":"Nasi sponsorzy"},"content":{"rendered":"<p style=\"text-align: center;\"><strong>Z g\u0142\u0119bi serca dzi\u0119kujemy za pomoc,<br \/>\nprac\u0119 i zaanga\u017cowanie na rzecz naszej plac\u00f3wki.<br \/>\nJeste\u015bmy wdzi\u0119czni za okazan\u0105 pomoc i \u017cyczliwo\u015b\u0107.<\/strong><\/p>\n<p style=\"text-align: center;\"><strong>Mamy nadziej\u0119, \u017ce nasza wsp\u00f3\u0142praca<br \/>\npomo\u017ce naszym wychowankom w dalszym rozwoju.<\/strong><\/p>\n<p style=\"text-align: center;\"><strong>Wyra\u017caj\u0105c wdzi\u0119czno\u015b\u0107<br \/>\nza wielkie serce i dobr\u0105 wol\u0119 \u017cyczymy wielu sukces\u00f3w<br \/>\noraz powodzenia w realizacji \u017cyciowych zamierze\u0144.<\/strong><\/p>\n<p style=\"text-align: center;\">\n<p style=\"text-align: center;\"><strong>Sz. P. J\u00f3zef Kusz<\/strong><br \/>\n<strong>prezes firmy METALFORM<\/strong><br \/>\n<strong>Chmielnik<\/strong><\/p>\n<p style=\"text-align: center;\"><strong>Sz. P. Zbigniew Czarnota<br \/>\nprezes firmy REWA<br \/>\nWola Rafa\u0142owska<\/strong><\/p>\n<p style=\"text-align: center;\"><strong>Sz. P. Henryk Szyde\u0142ko<br \/>\nprezes firmy &#8222;SZiK&#8221;<br \/>\nTyczyn<\/strong><\/p>\n<p style=\"text-align: center;\"><strong>Sz. P. Zbigniew Mo\u017cd\u017can<br \/>\ndyrektor firmy &#8222;Eko-strug&#8221;<br \/>\nTyczyn<\/strong><\/p>\n<p style=\"text-align: center;\"><strong>Sz. P. Andrzej \u015amia\u0142ek<\/strong><br \/>\n<strong>AJ PROFIBUD Sp. z o.o. Sp. K<\/strong><\/p>\n","protected":false},"excerpt":{"rendered":"<p>Z g\u0142\u0119bi serca dzi\u0119kujemy za pomoc, prac\u0119 i zaanga\u017cowanie na rzecz naszej plac\u00f3wki. Jeste\u015bmy wdzi\u0119czni za okazan\u0105 pomoc i \u017cyczliwo\u015b\u0107. Mamy nadziej\u0119, \u017ce nasza wsp\u00f3\u0142praca pomo\u017ce naszym wychowankom w dalszym rozwoju. Wyra\u017caj\u0105c<a class=\"moretag\" href=\"https:\/\/spwr.chmielnik.pl\/index.php\/nasi-sponsorzy\/\">Read More&#8230;<\/a><\/p>\n","protected":false},"author":1,"featured_media":0,"parent":0,"menu_order":0,"comment_status":"closed","ping_status":"closed","template":"","meta":{"footnotes":""},"class_list":["post-522","page","type-page","status-publish","hentry"],"_links":{"self":[{"href":"https:\/\/spwr.chmielnik.pl\/index.php\/wp-json\/wp\/v2\/pages\/522","targetHints":{"allow":["GET"]}}],"collection":[{"href":"https:\/\/spwr.chmielnik.pl\/index.php\/wp-json\/wp\/v2\/pages"}],"about":[{"href":"https:\/\/spwr.chmielnik.pl\/index.php\/wp-json\/wp\/v2\/types\/page"}],"author":[{"embeddable":true,"href":"https:\/\/spwr.chmielnik.pl\/index.php\/wp-json\/wp\/v2\/users\/1"}],"replies":[{"embeddable":true,"href":"https:\/\/spwr.chmielnik.pl\/index.php\/wp-json\/wp\/v2\/comments?post=522"}],"version-history":[{"count":1,"href":"https:\/\/spwr.chmielnik.pl\/index.php\/wp-json\/wp\/v2\/pages\/522\/revisions"}],"predecessor-version":[{"id":523,"href":"https:\/\/spwr.chmielnik.pl\/index.php\/wp-json\/wp\/v2\/pages\/522\/revisions\/523"}],"wp:attachment":[{"href":"https:\/\/spwr.chmielnik.pl\/index.php\/wp-json\/wp\/v2\/media?parent=522"}],"curies":[{"name":"wp","href":"https:\/\/api.w.org\/{rel}","templated":true}]}}