{"id":86,"date":"2026-03-15T21:14:51","date_gmt":"2026-03-15T20:14:51","guid":{"rendered":"https:\/\/spwr.chmielnik.pl\/?page_id=86"},"modified":"2026-03-15T21:14:51","modified_gmt":"2026-03-15T20:14:51","slug":"filmiki-2","status":"publish","type":"page","link":"https:\/\/spwr.chmielnik.pl\/index.php\/filmiki-2\/","title":{"rendered":"Filmiki"},"content":{"rendered":"<p><iframe loading=\"lazy\" title=\"Dzie\u0144 Edukacji Narodowej\" width=\"604\" height=\"453\" src=\"https:\/\/www.youtube.com\/embed\/M4lcK7eQCGA?feature=oembed\" frameborder=\"0\" allow=\"accelerometer; autoplay; clipboard-write; encrypted-media; gyroscope; picture-in-picture; web-share\" referrerpolicy=\"strict-origin-when-cross-origin\" allowfullscreen><\/iframe><\/p>\n<p><iframe loading=\"lazy\" title=\"Dzie\u0144 Mamy i Taty Wola Rafa\u0142owska 2025\" width=\"604\" height=\"340\" src=\"https:\/\/www.youtube.com\/embed\/SRzl86WPAzs?start=4&#038;feature=oembed\" frameborder=\"0\" allow=\"accelerometer; autoplay; clipboard-write; encrypted-media; gyroscope; picture-in-picture; web-share\" referrerpolicy=\"strict-origin-when-cross-origin\" allowfullscreen><\/iframe><\/p>\n<p><iframe loading=\"lazy\" title=\"11 listopada\" width=\"604\" height=\"340\" src=\"https:\/\/www.youtube.com\/embed\/IN0wggWLcLE?feature=oembed\" frameborder=\"0\" allow=\"accelerometer; autoplay; clipboard-write; encrypted-media; gyroscope; picture-in-picture; web-share\" referrerpolicy=\"strict-origin-when-cross-origin\" allowfullscreen><\/iframe><\/p>\n<p><iframe loading=\"lazy\" title=\"Do hymnu 2018. Szko\u0142a Podstawowa im. Stefana Kard. Wyszy\u0144skiego w Woli Rafa\u0142owskiej\" width=\"604\" height=\"340\" src=\"https:\/\/www.youtube.com\/embed\/mdM0C39boMo?feature=oembed\" frameborder=\"0\" allow=\"accelerometer; autoplay; clipboard-write; encrypted-media; gyroscope; picture-in-picture; web-share\" referrerpolicy=\"strict-origin-when-cross-origin\" allowfullscreen><\/iframe><\/p>\n<p><iframe loading=\"lazy\" title=\"Malowanie nie musi by\u0107 nudne - Szko\u0142a Podstawowa w Woli Rafa\u0142owskiej\" width=\"604\" height=\"453\" src=\"https:\/\/www.youtube.com\/embed\/X2M2eCNi_Qs?feature=oembed\" frameborder=\"0\" allow=\"accelerometer; autoplay; clipboard-write; encrypted-media; gyroscope; picture-in-picture; web-share\" referrerpolicy=\"strict-origin-when-cross-origin\" allowfullscreen><\/iframe><\/p>\n<p><iframe loading=\"lazy\" title=\"11 listopada w Szkole Podstawowej w Woli Rafa\u0142owskiej\" width=\"604\" height=\"340\" src=\"https:\/\/www.youtube.com\/embed\/OSgfP6YZLcM?feature=oembed\" frameborder=\"0\" allow=\"accelerometer; autoplay; clipboard-write; encrypted-media; gyroscope; picture-in-picture; web-share\" referrerpolicy=\"strict-origin-when-cross-origin\" allowfullscreen><\/iframe><\/p>\n<p><iframe loading=\"lazy\" title=\"Wyst\u0119p z okazji uchwalenia Konstytucji 3-go Maja w Szkole Podstawowej w Woli Rafa\u0142owskiej\" width=\"604\" height=\"340\" src=\"https:\/\/www.youtube.com\/embed\/QyZTU710I-A?feature=oembed\" frameborder=\"0\" allow=\"accelerometer; autoplay; clipboard-write; encrypted-media; gyroscope; picture-in-picture; web-share\" referrerpolicy=\"strict-origin-when-cross-origin\" allowfullscreen><\/iframe><\/p>\n<p><iframe loading=\"lazy\" title=\"wystep2\" width=\"604\" height=\"340\" src=\"https:\/\/www.youtube.com\/embed\/FQ-CCmkSYmI?feature=oembed\" frameborder=\"0\" allow=\"accelerometer; autoplay; clipboard-write; encrypted-media; gyroscope; picture-in-picture; web-share\" referrerpolicy=\"strict-origin-when-cross-origin\" allowfullscreen><\/iframe><\/p>\n<p>&nbsp;<\/p>\n","protected":false},"excerpt":{"rendered":"<p>&nbsp;<\/p>\n","protected":false},"author":1,"featured_media":0,"parent":0,"menu_order":0,"comment_status":"closed","ping_status":"closed","template":"","meta":{"footnotes":""},"class_list":["post-86","page","type-page","status-publish","hentry"],"_links":{"self":[{"href":"https:\/\/spwr.chmielnik.pl\/index.php\/wp-json\/wp\/v2\/pages\/86","targetHints":{"allow":["GET"]}}],"collection":[{"href":"https:\/\/spwr.chmielnik.pl\/index.php\/wp-json\/wp\/v2\/pages"}],"about":[{"href":"https:\/\/spwr.chmielnik.pl\/index.php\/wp-json\/wp\/v2\/types\/page"}],"author":[{"embeddable":true,"href":"https:\/\/spwr.chmielnik.pl\/index.php\/wp-json\/wp\/v2\/users\/1"}],"replies":[{"embeddable":true,"href":"https:\/\/spwr.chmielnik.pl\/index.php\/wp-json\/wp\/v2\/comments?post=86"}],"version-history":[{"count":1,"href":"https:\/\/spwr.chmielnik.pl\/index.php\/wp-json\/wp\/v2\/pages\/86\/revisions"}],"predecessor-version":[{"id":87,"href":"https:\/\/spwr.chmielnik.pl\/index.php\/wp-json\/wp\/v2\/pages\/86\/revisions\/87"}],"wp:attachment":[{"href":"https:\/\/spwr.chmielnik.pl\/index.php\/wp-json\/wp\/v2\/media?parent=86"}],"curies":[{"name":"wp","href":"https:\/\/api.w.org\/{rel}","templated":true}]}}