{"id":96,"date":"2026-03-15T21:32:09","date_gmt":"2026-03-15T20:32:09","guid":{"rendered":"https:\/\/spwr.chmielnik.pl\/?page_id=96"},"modified":"2026-03-15T21:32:09","modified_gmt":"2026-03-15T20:32:09","slug":"hymn-szkoly","status":"publish","type":"page","link":"https:\/\/spwr.chmielnik.pl\/index.php\/hymn-szkoly\/","title":{"rendered":"Hymn szko\u0142y"},"content":{"rendered":"<p>1. Otwierasz serce, podajesz r\u0119k\u0119<br \/>\nTak Twoja szko\u0142a uczy Ci\u0119 \u017cy\u0107.<br \/>\nPatron na drog\u0119 zostawia nauk\u0119,<br \/>\nKt\u00f3rej trzeba wiernym by\u0107.<\/p>\n<p>Ref. Jak orze\u0142 nad graniami w \u017cycie wzle\u0107<br \/>\nI zapami\u0119taj w \u017cyciu najwa\u017cniejsze by\u0107 ni\u017c mie\u0107 \/2x<\/p>\n<p>2. Musicie ducha hartowa\u0107 i wznosi\u0107<br \/>\nBy m\u00f3c jak or\u0142y przelatywa\u0107<br \/>\nNad granicami naszej Ojczyzny<br \/>\nKt\u00f3rej trzeba wiernym by\u0107.<\/p>\n<p>Ref. Jak orze\u0142 \u2026<\/p>\n","protected":false},"excerpt":{"rendered":"<p>1. Otwierasz serce, podajesz r\u0119k\u0119 Tak Twoja szko\u0142a uczy Ci\u0119 \u017cy\u0107. Patron na drog\u0119 zostawia nauk\u0119, Kt\u00f3rej trzeba wiernym by\u0107. Ref. Jak orze\u0142 nad graniami w \u017cycie wzle\u0107 I zapami\u0119taj w \u017cyciu<a class=\"moretag\" href=\"https:\/\/spwr.chmielnik.pl\/index.php\/hymn-szkoly\/\">Read More&#8230;<\/a><\/p>\n","protected":false},"author":1,"featured_media":0,"parent":0,"menu_order":0,"comment_status":"closed","ping_status":"closed","template":"","meta":{"footnotes":""},"class_list":["post-96","page","type-page","status-publish","hentry"],"_links":{"self":[{"href":"https:\/\/spwr.chmielnik.pl\/index.php\/wp-json\/wp\/v2\/pages\/96","targetHints":{"allow":["GET"]}}],"collection":[{"href":"https:\/\/spwr.chmielnik.pl\/index.php\/wp-json\/wp\/v2\/pages"}],"about":[{"href":"https:\/\/spwr.chmielnik.pl\/index.php\/wp-json\/wp\/v2\/types\/page"}],"author":[{"embeddable":true,"href":"https:\/\/spwr.chmielnik.pl\/index.php\/wp-json\/wp\/v2\/users\/1"}],"replies":[{"embeddable":true,"href":"https:\/\/spwr.chmielnik.pl\/index.php\/wp-json\/wp\/v2\/comments?post=96"}],"version-history":[{"count":1,"href":"https:\/\/spwr.chmielnik.pl\/index.php\/wp-json\/wp\/v2\/pages\/96\/revisions"}],"predecessor-version":[{"id":97,"href":"https:\/\/spwr.chmielnik.pl\/index.php\/wp-json\/wp\/v2\/pages\/96\/revisions\/97"}],"wp:attachment":[{"href":"https:\/\/spwr.chmielnik.pl\/index.php\/wp-json\/wp\/v2\/media?parent=96"}],"curies":[{"name":"wp","href":"https:\/\/api.w.org\/{rel}","templated":true}]}}