{"id":98,"date":"2026-03-15T21:33:15","date_gmt":"2026-03-15T20:33:15","guid":{"rendered":"https:\/\/spwr.chmielnik.pl\/?page_id=98"},"modified":"2026-03-15T21:33:15","modified_gmt":"2026-03-15T20:33:15","slug":"patron-szkoly","status":"publish","type":"page","link":"https:\/\/spwr.chmielnik.pl\/index.php\/patron-szkoly\/","title":{"rendered":"Patron szko\u0142y"},"content":{"rendered":"<p><em><img loading=\"lazy\" decoding=\"async\" class=\"alignleft wp-image-99 size-medium\" src=\"https:\/\/spwr.chmielnik.pl\/wp-content\/uploads\/2026\/03\/Stefan_Wyszynski-225x300.jpg\" alt=\"\" width=\"225\" height=\"300\" srcset=\"https:\/\/spwr.chmielnik.pl\/wp-content\/uploads\/2026\/03\/Stefan_Wyszynski-225x300.jpg 225w, https:\/\/spwr.chmielnik.pl\/wp-content\/uploads\/2026\/03\/Stefan_Wyszynski.jpg 302w\" sizes=\"auto, (max-width: 225px) 100vw, 225px\" \/>Warto s\u0142u\u017cy\u0107 ka\u017cdemu cz\u0142owiekowi<\/em><br \/>\n<em>I dla ka\u017cdego warto si\u0119 po\u015bwi\u0119ci\u0107<\/em>.<br \/>\n<em>Stefan Kardyna\u0142 Wyszy\u0144ski<\/em><\/p>\n<p>Stefan Kardyna\u0142 Wyszy\u0144ski (1901-1981) nazwany przez papie\u017ca Jana Paw\u0142a II Prymasem Tysi\u0105clecia to posta\u0107 niepospolita i charyzmatyczna, kt\u00f3ra zapewne nied\u0142ugo do\u0142\u0105czy do grona \u015bwi\u0119tych.<br \/>\nJu\u017c za \u017cycia okre\u015blany m\u0119\u017cem stanu, przyw\u00f3dc\u0105 duchowym narodu, da\u0142 wszystkim rodakom wyra\u017any, bo osobisty przyk\u0142ad, \u017ce w nowo budowanej powojennej rzeczywisto\u015bci s\u0105 warto\u015bci, kt\u00f3rych niezale\u017cnie od systemu politycznego zaprzepa\u015bci\u0107 nie wolno. Jedn\u0105 z nich jest prawda i wychowanie w prawdzie.<\/p>\n<p>Wspominamy o niej w przededniu uroczystego nadania JEGO IMIENIA naszej szkole, jako warto\u015bci \u2013 w wychowaniu dzieci \u2013 podstawowej. Dlatego te\u017c odwo\u0142ujemy si\u0119 do niej okre\u015blaj\u0105c najistotniejsze cele wychowawcze, jakie przed sob\u0105 stawiamy, tak\u017ce dla misji szko\u0142y ta warto\u015b\u0107 ma znacznie nadrz\u0119dne i priorytetowe.<br \/>\nBogactwo my\u015bli, otwarto\u015b\u0107 na ludzkie potrzeby, troska o przysz\u0142o\u015b\u0107 ojczyzny i m\u0142odego pokolenia Polak\u00f3w w du\u017cym stopniu wp\u0142yn\u0119\u0142y na to, \u017ce Rada Pedagogiczna uzna\u0142a t\u0119 wybitn\u0105 posta\u0107 za godn\u0105 patrona Szko\u0142y Podstawowej w Woli Rafa\u0142owskiej. Nie bez znaczenia by\u0142 tak\u017ce fakt, \u017ce to w tej cz\u0119\u015bci Polski, gdzie \u017cyjemy i mieszkamy, by\u0142 wi\u0119ziony Prymas Polski. Tutaj da\u0142 te\u017c kolejne \u015bwiadectwo wiary, nadziei, mi\u0142o\u015bci, prawdy i patriotyzmu.<\/p>\n<p>To w Koma\u0144czy w\u0142a\u015bnie powstaje tekst \u015alub\u00f3w Jasnog\u00f3rskich oraz koncepcja Wielkiej Nowenny Tysi\u0105clecia.<br \/>\nPod kierownictwem dyrektora szko\u0142y opracowano i przyj\u0119to na radzie pedagogicznej w styczniu br. Harmonogram dzia\u0142a\u0144 przygotowuj\u0105cych szko\u0142\u0119 \u201cna przyj\u0119cie patrona\u201d w pa\u017adzierniku br.<br \/>\nJeste\u015bmy wraz z patronem przekonani, \u017ce w procesie wychowania warto si\u0119 kierowa\u0107 mi\u0142o\u015bci\u0105, bo \u201c\u015bwitu potrzeba dzi\u015b wi\u0119cej wra\u017cliwych serc ni\u017c zimnej stali\u201d<\/p>\n<p><strong>Kalendarium \u017cycia Prymasa Wyszy\u0144skiego<br \/>\n<\/strong><em>3.08.1901<\/em>\u00a0\u2013 \u00a0W rodzinie Julianny i Stefana Wyszy\u0144skiego w Zuzeli w Ziemi Nurskiej przychodzi na \u015bwiat STEFAN.<br \/>\n<em>31.10.1910<\/em>\u00a0\u2013 \u015amier\u0107 Julianny Wyszy\u0144skiej \u2013 matki Stefana.<br \/>\n<em>1920<\/em>\u00a0\u2013 Wst\u0119puje do Wy\u017cszego Seminarium Duchownego we W\u0142oc\u0142awku.<br \/>\n<em>3.08.1924<\/em>\u00a0\u2013 Otrzymuje \u015bwi\u0119cenia kap\u0142a\u0144skie.<br \/>\n<em>1925<\/em>\u00a0\u2013 Rozpoczyna studia na Katolickim Uniwersytecie Lubelskim na Wydziale Prawa Kanonicznego i sekcji spo\u0142eczno-ekonomicznej.<\/p>\n<p><em>1929<\/em>\u00a0\u2013 Uzyskuje doktorat z prawa kanonicznego na podstawie rozprawy \u201cPrawa rodziny, Ko\u015bcio\u0142a i pa\u0144stwa do szko\u0142y\u201d.<br \/>\n<em>1945<\/em>\u00a0\u2013 Mianowany rektorem Wy\u017cszego Seminarium Duchownego we W\u0142oc\u0142awku.<br \/>\n<em>12.05.1946<\/em>\u00a0\u2013 Otrzymuje na Jasnej G\u00f3rze sakr\u0119 biskupi\u0105 i obejmuje diecezje lubelsk\u0105.<br \/>\n<em>12.11.1946<\/em>\u00a0\u2013 Mianowany przez Piusa XII arcybiskupem gnie\u017anie\u0144skim i warszawskim. Obj\u0119cie rz\u0105d\u00f3w prymasowskich odby\u0142o si\u0119 w Gnie\u017anie 2 lutego 1949r., a w Warszawie 6 lutego 1949 r.<br \/>\n<em>1952<\/em>\u00a0\u2013 Papie\u017c Pius XII nadaje Prymasowi Polski godno\u015b\u0107 kardynalsk\u0105. Wprowadzenie do Kolegium Kardynalskiego odby\u0142o si\u0119 12 stycznia 1935 r. W\u0142adze pa\u0144stwowe PRL nie wyra\u017caj\u0105, zgody na wyjazd do Rzymu.<br \/>\n<em>25.09.1952-28.X.1956<\/em>\u00a0\u2013 Prymas w wi\u0119zieniu.<br \/>\n\u2013 Rywa\u0142d Kr\u00f3lewski do 12 pa\u017adziernika1953 r.,<br \/>\n\u2013 Stoczek Warmi\u0144ski do 6 pa\u017adziernika 1954 r.,<br \/>\n\u2013 Prudnik \u015al\u0105ski do 27 pa\u017adziernika 1955 r.,<br \/>\n\u2013 Koma\u0144cza do 28 pa\u017adziernika 1956 r.,<\/p>\n<p><strong>Prymas wraca do Warszawy.<br \/>\n<\/strong><em>16.05.1956<\/em>\u00a0\u2013 Jasnog\u00f3rskie \u015aluby Narodu z\u0142o\u017cone przez biskupa Klepacza, a u\u0142o\u017cone przez Prymasa Stefana Kardyna\u0142a Wyszy\u0144skiego w Koma\u0144czy.<br \/>\n<em>1962 -1965<\/em>\u00a0\u2013 Uczestniczy w pracach Soboru Watyka\u0144skiego II.<br \/>\n<em>3.05.1966<\/em>\u00a0\u2013 Wyg\u0142asza na Jasnej G\u00f3rze powitanie jako Legat Paw\u0142a VI, (kt\u00f3rego w\u0142adze PRL nie wpu\u015bci\u0142y do Polski). Sk\u0142ada Akt Oddania Polski w macierzyst\u0105 niewol\u0119 Bogurodzicy, nak\u0142ada nowe milenijne korony na Cudowny Obraz Jasnog\u00f3rski.<br \/>\n<em>1978<\/em>\u00a0\u2013 Uczestniczy w konklawe, podczas kt\u00f3rego wybrano kard. Karola Wojty\u0142\u0119 na Papie\u017ca.<br \/>\n<em>2-10.06.1979<\/em>\u00a0\u2013 Towarzyszy Janowi Paw\u0142owi II podczas pielgrzymki do Ojczyzny.<br \/>\n<em>28.05.1981 godz. 4.40<\/em>\u00a0\u2013 W Domu Arcybiskup\u00f3w Warszawskich umiera Prymas Polski.<br \/>\n<em>31.05.1981<\/em>\u00a0\u2013 Msza \u015bw. pogrzebowa na Placu Zwyci\u0119stwa. Po Mszy \u015bw. trumn\u0119 ze zmar\u0142ym Prymasem przeniesiono do katedry warszawskiej i z\u0142o\u017cono w krypcie arcybiskup\u00f3w warszawskich.<br \/>\n<em>20.05.1989<\/em>\u00a0\u2013 Uroczyste otwarcie procesu beatyfikacyjnego.<\/p>\n","protected":false},"excerpt":{"rendered":"<p>Warto s\u0142u\u017cy\u0107 ka\u017cdemu cz\u0142owiekowi I dla ka\u017cdego warto si\u0119 po\u015bwi\u0119ci\u0107. Stefan Kardyna\u0142 Wyszy\u0144ski Stefan Kardyna\u0142 Wyszy\u0144ski (1901-1981) nazwany przez papie\u017ca Jana Paw\u0142a II Prymasem Tysi\u0105clecia to posta\u0107 niepospolita i charyzmatyczna, kt\u00f3ra zapewne<a class=\"moretag\" href=\"https:\/\/spwr.chmielnik.pl\/index.php\/patron-szkoly\/\">Read More&#8230;<\/a><\/p>\n","protected":false},"author":1,"featured_media":0,"parent":0,"menu_order":0,"comment_status":"closed","ping_status":"closed","template":"","meta":{"footnotes":""},"class_list":["post-98","page","type-page","status-publish","hentry"],"_links":{"self":[{"href":"https:\/\/spwr.chmielnik.pl\/index.php\/wp-json\/wp\/v2\/pages\/98","targetHints":{"allow":["GET"]}}],"collection":[{"href":"https:\/\/spwr.chmielnik.pl\/index.php\/wp-json\/wp\/v2\/pages"}],"about":[{"href":"https:\/\/spwr.chmielnik.pl\/index.php\/wp-json\/wp\/v2\/types\/page"}],"author":[{"embeddable":true,"href":"https:\/\/spwr.chmielnik.pl\/index.php\/wp-json\/wp\/v2\/users\/1"}],"replies":[{"embeddable":true,"href":"https:\/\/spwr.chmielnik.pl\/index.php\/wp-json\/wp\/v2\/comments?post=98"}],"version-history":[{"count":1,"href":"https:\/\/spwr.chmielnik.pl\/index.php\/wp-json\/wp\/v2\/pages\/98\/revisions"}],"predecessor-version":[{"id":100,"href":"https:\/\/spwr.chmielnik.pl\/index.php\/wp-json\/wp\/v2\/pages\/98\/revisions\/100"}],"wp:attachment":[{"href":"https:\/\/spwr.chmielnik.pl\/index.php\/wp-json\/wp\/v2\/media?parent=98"}],"curies":[{"name":"wp","href":"https:\/\/api.w.org\/{rel}","templated":true}]}}